{"id":1635,"date":"2013-05-10T06:50:06","date_gmt":"2013-05-10T06:50:06","guid":{"rendered":"https:\/\/test.pse.si\/sl\/amplifyteams\/"},"modified":"2026-03-23T13:26:09","modified_gmt":"2026-03-23T13:26:09","slug":"amplifyteams","status":"publish","type":"page","link":"https:\/\/www.pse.si\/sl\/amplifyteams\/","title":{"rendered":"amplifyTEAMS"},"content":{"rendered":"\t\t<div data-elementor-type=\"wp-page\" data-elementor-id=\"1635\" class=\"elementor elementor-1635\" data-elementor-settings=\"{&quot;ha_cmc_init_switcher&quot;:&quot;no&quot;}\" data-elementor-post-type=\"page\">\n\t\t\t\t<div class=\"elementor-element elementor-element-11f7d7b e-con-full e-flex e-con e-parent\" data-id=\"11f7d7b\" data-element_type=\"container\" data-e-type=\"container\" data-settings=\"{&quot;background_background&quot;:&quot;classic&quot;,&quot;_ha_eqh_enable&quot;:false}\">\n\t\t\t\t<div class=\"elementor-element elementor-element-1b38cb1 elementor-widget elementor-widget-theme-post-title elementor-page-title elementor-widget-heading\" data-id=\"1b38cb1\" data-element_type=\"widget\" data-e-type=\"widget\" data-widget_type=\"theme-post-title.default\">\n\t\t\t\t<div class=\"elementor-widget-container\">\n\t\t\t\t\t<h1 class=\"elementor-heading-title elementor-size-default\">amplifyTEAMS<\/h1>\t\t\t\t<\/div>\n\t\t\t\t<\/div>\n\t\t\t\t<\/div>\n\t\t<div class=\"elementor-element elementor-element-376fd413 e-flex e-con-boxed e-con e-parent\" data-id=\"376fd413\" data-element_type=\"container\" data-e-type=\"container\" data-settings=\"{&quot;_ha_eqh_enable&quot;:false}\">\n\t\t\t\t\t<div class=\"e-con-inner\">\n\t\t\t\t<div class=\"elementor-element elementor-element-61b490ee elementor-widget elementor-widget-text-editor\" data-id=\"61b490ee\" data-element_type=\"widget\" data-e-type=\"widget\" data-widget_type=\"text-editor.default\">\n\t\t\t\t<div class=\"elementor-widget-container\">\n\t\t\t\t\t\t\t\t\t<p>Okrepite skupna prizadevanja in mo\u010dno izbolj\u0161ajte poslovno uspe\u0161nost.<\/p>\r\n<p>Neizkori\u0161\u010dena sredstva so ena izmed najbolj iskanih postavk, v katerem koli strate\u0161kem na\u010drtu. Kaj v va\u0161em podjetju se se lahko pretvori v motor rasti, konkuren\u010dno prednost in ima za rezultat ve\u010djo dobi\u010dkonosnost? Pri\u0161el je \u010das, da ponovno ocenite vir, ki je bil dolgo spregledan \u2013&nbsp; SKUPINSKO DELO.<br \/>&nbsp;<br \/>Zakaj se je potrebno osredoto\u010diti na skupinsko delo&nbsp; v tem trenutku?<br \/>&nbsp;<br \/>Narava dela in skupinsko sodelovanje so se v zadnjih letih bistveno spremenili.<br \/>&nbsp;<br \/>Nove delovne skupine so navidezne, mobilne, porazdeljene in socialne, hkrati na delovno mesto prina\u0161amo lastno opremo. \u0160irjenje razli\u010dnih na\u010dinov komunikacije je zapleteno in razdrobljeno. Namesto spodbude pogosto predstavlja oviro za produktivnost in sodelovanje.<br \/>&nbsp;<br \/>Poudarek mora biti na uporabniku, na zagotavljanju preproste uporabe, mobilnosti, produktivnosti in skupinskega dela. Potujo\u010demu delavcu, ki se zaveda, da je delo nekaj, kar je potrebno narediti, in ne le kraj kamor se hodi, je potrebno omogo\u010diti, da je u\u010dinkovitej\u0161i.<br \/>&nbsp;<br \/><strong>amplifyTEAMS<\/strong> (oja\u010danje skupin) je vizija podjetja Unify, da zagotovi popolnoma integrirane re\u0161itve, ki sinhronizirajo tehnologijo in usklajujejo uporabni\u0161ko izku\u0161njo. Tak\u0161ne komunikacije postajajo prepletene s poslovanjem podjetja in krepijo vlogo zaposlenih in skupinskega dela.<\/p>\r\n<h2>amplifyTEAMS \u2013 Takoj!<\/h2>\r\n<p>Ali potrebujete dostopne re\u0161itve, ki prina\u0161ajo hitre koristi vsem zaposlenim, isto\u010dasno pa zagotavljajo dolgoro\u010dn visok donos nalo\u017ebe. Unify je ustvaril re\u0161itve,ki se pona\u0161ajo z nizkim tveganjem in isto\u010dasno prina\u0161ajo hitre rezultate.<\/p>\t\t\t\t\t\t\t\t<\/div>\n\t\t\t\t<\/div>\n\t\t\t\t\t<\/div>\n\t\t\t\t<\/div>\n\t\t\t\t<\/div>\n\t\t","protected":false},"excerpt":{"rendered":"<p>Okrepite skupna prizadevanja in mo\u010dno izbolj\u0161ajte poslovno uspe\u0161nost. Neizkori\u0161\u010dena sredstva so ena izmed najbolj iskanih postavk, v katerem koli strate\u0161kem [&hellip;]<\/p>\n","protected":false},"author":1,"featured_media":0,"parent":0,"menu_order":54,"comment_status":"closed","ping_status":"closed","template":"","meta":{"_acf_changed":false,"_lmt_disableupdate":"","_lmt_disable":"","_monsterinsights_skip_tracking":false,"_monsterinsights_sitenote_active":false,"_monsterinsights_sitenote_note":"","_monsterinsights_sitenote_category":0,"site-sidebar-layout":"default","site-content-layout":"","ast-site-content-layout":"default","site-content-style":"default","site-sidebar-style":"default","ast-global-header-display":"","ast-banner-title-visibility":"","ast-main-header-display":"","ast-hfb-above-header-display":"","ast-hfb-below-header-display":"","ast-hfb-mobile-header-display":"","site-post-title":"","ast-breadcrumbs-content":"","ast-featured-img":"","footer-sml-layout":"","ast-disable-related-posts":"","theme-transparent-header-meta":"","adv-header-id-meta":"","stick-header-meta":"","header-above-stick-meta":"","header-main-stick-meta":"","header-below-stick-meta":"","astra-migrate-meta-layouts":"default","ast-page-background-enabled":"default","ast-page-background-meta":{"desktop":{"background-color":"var(--ast-global-color-5)","background-image":"","background-repeat":"repeat","background-position":"center center","background-size":"auto","background-attachment":"scroll","background-type":"","background-media":"","overlay-type":"","overlay-color":"","overlay-opacity":"","overlay-gradient":""},"tablet":{"background-color":"","background-image":"","background-repeat":"repeat","background-position":"center center","background-size":"auto","background-attachment":"scroll","background-type":"","background-media":"","overlay-type":"","overlay-color":"","overlay-opacity":"","overlay-gradient":""},"mobile":{"background-color":"","background-image":"","background-repeat":"repeat","background-position":"center center","background-size":"auto","background-attachment":"scroll","background-type":"","background-media":"","overlay-type":"","overlay-color":"","overlay-opacity":"","overlay-gradient":""}},"ast-content-background-meta":{"desktop":{"background-color":"var(--ast-global-color-4)","background-image":"","background-repeat":"repeat","background-position":"center center","background-size":"auto","background-attachment":"scroll","background-type":"","background-media":"","overlay-type":"","overlay-color":"","overlay-opacity":"","overlay-gradient":""},"tablet":{"background-color":"var(--ast-global-color-4)","background-image":"","background-repeat":"repeat","background-position":"center center","background-size":"auto","background-attachment":"scroll","background-type":"","background-media":"","overlay-type":"","overlay-color":"","overlay-opacity":"","overlay-gradient":""},"mobile":{"background-color":"var(--ast-global-color-4)","background-image":"","background-repeat":"repeat","background-position":"center center","background-size":"auto","background-attachment":"scroll","background-type":"","background-media":"","overlay-type":"","overlay-color":"","overlay-opacity":"","overlay-gradient":""}},"footnotes":""},"class_list":["post-1635","page","type-page","status-publish","hentry"],"acf":[],"yoast_head":"<!-- This site is optimized with the Yoast SEO Premium plugin v26.1 (Yoast SEO v26.1.1) - https:\/\/yoast.com\/wordpress\/plugins\/seo\/ -->\n<title>amplifyTEAMS - PSE spletna stran<\/title>\n<meta name=\"robots\" content=\"index, follow, max-snippet:-1, max-image-preview:large, max-video-preview:-1\" \/>\n<link rel=\"canonical\" href=\"https:\/\/www.pse.si\/sl\/amplifyteams\/\" \/>\n<meta property=\"og:locale\" content=\"sl_SI\" \/>\n<meta property=\"og:type\" content=\"article\" \/>\n<meta property=\"og:title\" content=\"amplifyTEAMS\" \/>\n<meta property=\"og:description\" content=\"Okrepite skupna prizadevanja in mo\u010dno izbolj\u0161ajte poslovno uspe\u0161nost. Neizkori\u0161\u010dena sredstva so ena izmed najbolj iskanih postavk, v katerem koli strate\u0161kem [&hellip;]\" \/>\n<meta property=\"og:url\" content=\"https:\/\/www.pse.si\/sl\/amplifyteams\/\" \/>\n<meta property=\"og:site_name\" content=\"PSE spletna stran\" \/>\n<meta property=\"article:publisher\" content=\"https:\/\/www.linkedin.com\/company\/pse-poslovne-komunikacije-d-o-o-\/?viewAsMember=true\" \/>\n<meta property=\"article:modified_time\" content=\"2026-03-23T13:26:09+00:00\" \/>\n<meta name=\"twitter:card\" content=\"summary_large_image\" \/>\n<meta name=\"twitter:label1\" content=\"Est. reading time\" \/>\n\t<meta name=\"twitter:data1\" content=\"2 minuti\" \/>\n<script type=\"application\/ld+json\" class=\"yoast-schema-graph\">{\"@context\":\"https:\/\/schema.org\",\"@graph\":[{\"@type\":\"WebPage\",\"@id\":\"https:\/\/www.pse.si\/sl\/amplifyteams\/\",\"url\":\"https:\/\/www.pse.si\/sl\/amplifyteams\/\",\"name\":\"amplifyTEAMS - PSE spletna stran\",\"isPartOf\":{\"@id\":\"https:\/\/www.pse.si\/sl\/#website\"},\"datePublished\":\"2013-05-10T06:50:06+00:00\",\"dateModified\":\"2026-03-23T13:26:09+00:00\",\"breadcrumb\":{\"@id\":\"https:\/\/www.pse.si\/sl\/amplifyteams\/#breadcrumb\"},\"inLanguage\":\"sl-SI\",\"potentialAction\":[{\"@type\":\"ReadAction\",\"target\":[\"https:\/\/www.pse.si\/sl\/amplifyteams\/\"]}]},{\"@type\":\"BreadcrumbList\",\"@id\":\"https:\/\/www.pse.si\/sl\/amplifyteams\/#breadcrumb\",\"itemListElement\":[{\"@type\":\"ListItem\",\"position\":1,\"name\":\"Home\",\"item\":\"https:\/\/www.pse.si\/sl\/\"},{\"@type\":\"ListItem\",\"position\":2,\"name\":\"amplifyTEAMS\"}]},{\"@type\":\"WebSite\",\"@id\":\"https:\/\/www.pse.si\/sl\/#website\",\"url\":\"https:\/\/www.pse.si\/sl\/\",\"name\":\"PSE spletna stran\",\"description\":\"Sodobne telekomunikacijske re\u0161itve\",\"publisher\":{\"@id\":\"https:\/\/www.pse.si\/sl\/#organization\"},\"potentialAction\":[{\"@type\":\"SearchAction\",\"target\":{\"@type\":\"EntryPoint\",\"urlTemplate\":\"https:\/\/www.pse.si\/sl\/?s={search_term_string}\"},\"query-input\":{\"@type\":\"PropertyValueSpecification\",\"valueRequired\":true,\"valueName\":\"search_term_string\"}}],\"inLanguage\":\"sl-SI\"},{\"@type\":\"Organization\",\"@id\":\"https:\/\/www.pse.si\/sl\/#organization\",\"name\":\"PSE d.o.o.\",\"url\":\"https:\/\/www.pse.si\/sl\/\",\"logo\":{\"@type\":\"ImageObject\",\"inLanguage\":\"sl-SI\",\"@id\":\"https:\/\/www.pse.si\/sl\/#\/schema\/logo\/image\/\",\"url\":\"https:\/\/www.pse.si\/sl\/wp-content\/uploads\/sites\/2\/2022\/06\/PSE-logo-www-270px.webp\",\"contentUrl\":\"https:\/\/www.pse.si\/sl\/wp-content\/uploads\/sites\/2\/2022\/06\/PSE-logo-www-270px.webp\",\"width\":270,\"height\":111,\"caption\":\"PSE d.o.o.\"},\"image\":{\"@id\":\"https:\/\/www.pse.si\/sl\/#\/schema\/logo\/image\/\"},\"sameAs\":[\"https:\/\/www.linkedin.com\/company\/pse-poslovne-komunikacije-d-o-o-\/?viewAsMember=true\"]}]}<\/script>\n<!-- \/ Yoast SEO Premium plugin. -->","yoast_head_json":{"title":"amplifyTEAMS - PSE spletna stran","robots":{"index":"index","follow":"follow","max-snippet":"max-snippet:-1","max-image-preview":"max-image-preview:large","max-video-preview":"max-video-preview:-1"},"canonical":"https:\/\/www.pse.si\/sl\/amplifyteams\/","og_locale":"sl_SI","og_type":"article","og_title":"amplifyTEAMS","og_description":"Okrepite skupna prizadevanja in mo\u010dno izbolj\u0161ajte poslovno uspe\u0161nost. Neizkori\u0161\u010dena sredstva so ena izmed najbolj iskanih postavk, v katerem koli strate\u0161kem [&hellip;]","og_url":"https:\/\/www.pse.si\/sl\/amplifyteams\/","og_site_name":"PSE spletna stran","article_publisher":"https:\/\/www.linkedin.com\/company\/pse-poslovne-komunikacije-d-o-o-\/?viewAsMember=true","article_modified_time":"2026-03-23T13:26:09+00:00","twitter_card":"summary_large_image","twitter_misc":{"Est. reading time":"2 minuti"},"schema":{"@context":"https:\/\/schema.org","@graph":[{"@type":"WebPage","@id":"https:\/\/www.pse.si\/sl\/amplifyteams\/","url":"https:\/\/www.pse.si\/sl\/amplifyteams\/","name":"amplifyTEAMS - PSE spletna stran","isPartOf":{"@id":"https:\/\/www.pse.si\/sl\/#website"},"datePublished":"2013-05-10T06:50:06+00:00","dateModified":"2026-03-23T13:26:09+00:00","breadcrumb":{"@id":"https:\/\/www.pse.si\/sl\/amplifyteams\/#breadcrumb"},"inLanguage":"sl-SI","potentialAction":[{"@type":"ReadAction","target":["https:\/\/www.pse.si\/sl\/amplifyteams\/"]}]},{"@type":"BreadcrumbList","@id":"https:\/\/www.pse.si\/sl\/amplifyteams\/#breadcrumb","itemListElement":[{"@type":"ListItem","position":1,"name":"Home","item":"https:\/\/www.pse.si\/sl\/"},{"@type":"ListItem","position":2,"name":"amplifyTEAMS"}]},{"@type":"WebSite","@id":"https:\/\/www.pse.si\/sl\/#website","url":"https:\/\/www.pse.si\/sl\/","name":"PSE spletna stran","description":"Sodobne telekomunikacijske re\u0161itve","publisher":{"@id":"https:\/\/www.pse.si\/sl\/#organization"},"potentialAction":[{"@type":"SearchAction","target":{"@type":"EntryPoint","urlTemplate":"https:\/\/www.pse.si\/sl\/?s={search_term_string}"},"query-input":{"@type":"PropertyValueSpecification","valueRequired":true,"valueName":"search_term_string"}}],"inLanguage":"sl-SI"},{"@type":"Organization","@id":"https:\/\/www.pse.si\/sl\/#organization","name":"PSE d.o.o.","url":"https:\/\/www.pse.si\/sl\/","logo":{"@type":"ImageObject","inLanguage":"sl-SI","@id":"https:\/\/www.pse.si\/sl\/#\/schema\/logo\/image\/","url":"https:\/\/www.pse.si\/sl\/wp-content\/uploads\/sites\/2\/2022\/06\/PSE-logo-www-270px.webp","contentUrl":"https:\/\/www.pse.si\/sl\/wp-content\/uploads\/sites\/2\/2022\/06\/PSE-logo-www-270px.webp","width":270,"height":111,"caption":"PSE d.o.o."},"image":{"@id":"https:\/\/www.pse.si\/sl\/#\/schema\/logo\/image\/"},"sameAs":["https:\/\/www.linkedin.com\/company\/pse-poslovne-komunikacije-d-o-o-\/?viewAsMember=true"]}]}},"_links":{"self":[{"href":"https:\/\/www.pse.si\/sl\/wp-json\/wp\/v2\/pages\/1635","targetHints":{"allow":["GET"]}}],"collection":[{"href":"https:\/\/www.pse.si\/sl\/wp-json\/wp\/v2\/pages"}],"about":[{"href":"https:\/\/www.pse.si\/sl\/wp-json\/wp\/v2\/types\/page"}],"author":[{"embeddable":true,"href":"https:\/\/www.pse.si\/sl\/wp-json\/wp\/v2\/users\/1"}],"replies":[{"embeddable":true,"href":"https:\/\/www.pse.si\/sl\/wp-json\/wp\/v2\/comments?post=1635"}],"version-history":[{"count":3,"href":"https:\/\/www.pse.si\/sl\/wp-json\/wp\/v2\/pages\/1635\/revisions"}],"predecessor-version":[{"id":7405,"href":"https:\/\/www.pse.si\/sl\/wp-json\/wp\/v2\/pages\/1635\/revisions\/7405"}],"wp:attachment":[{"href":"https:\/\/www.pse.si\/sl\/wp-json\/wp\/v2\/media?parent=1635"}],"curies":[{"name":"wp","href":"https:\/\/api.w.org\/{rel}","templated":true}]}}