{"id":1664,"date":"2010-09-03T09:44:08","date_gmt":"2010-09-03T09:44:08","guid":{"rendered":"https:\/\/test.pse.si\/sl\/upravljanje-storitev\/"},"modified":"2026-03-23T13:12:27","modified_gmt":"2026-03-23T13:12:27","slug":"upravljanje-storitev","status":"publish","type":"page","link":"https:\/\/www.pse.si\/sl\/upravljanje-storitev\/","title":{"rendered":"Upravljanje storitev"},"content":{"rendered":"\t\t<div data-elementor-type=\"wp-page\" data-elementor-id=\"1664\" class=\"elementor elementor-1664\" data-elementor-settings=\"{&quot;ha_cmc_init_switcher&quot;:&quot;no&quot;}\" data-elementor-post-type=\"page\">\n\t\t\t\t<div class=\"elementor-element elementor-element-626451b e-con-full e-flex e-con e-parent\" data-id=\"626451b\" data-element_type=\"container\" data-e-type=\"container\" data-settings=\"{&quot;background_background&quot;:&quot;classic&quot;,&quot;_ha_eqh_enable&quot;:false}\">\n\t\t\t\t<div class=\"elementor-element elementor-element-37929141 elementor-widget elementor-widget-theme-post-title elementor-page-title elementor-widget-heading\" data-id=\"37929141\" data-element_type=\"widget\" data-e-type=\"widget\" data-widget_type=\"theme-post-title.default\">\n\t\t\t\t<div class=\"elementor-widget-container\">\n\t\t\t\t\t<h1 class=\"elementor-heading-title elementor-size-default\">Upravljanje storitev<\/h1>\t\t\t\t<\/div>\n\t\t\t\t<\/div>\n\t\t\t\t<\/div>\n\t\t<div class=\"elementor-element elementor-element-10c5fe55 e-flex e-con-boxed e-con e-parent\" data-id=\"10c5fe55\" data-element_type=\"container\" data-e-type=\"container\" data-settings=\"{&quot;_ha_eqh_enable&quot;:false}\">\n\t\t\t\t\t<div class=\"e-con-inner\">\n\t\t\t\t<div class=\"elementor-element elementor-element-2f87b33b elementor-widget elementor-widget-text-editor\" data-id=\"2f87b33b\" data-element_type=\"widget\" data-e-type=\"widget\" data-widget_type=\"text-editor.default\">\n\t\t\t\t<div class=\"elementor-widget-container\">\n\t\t\t\t\t\t\t\t\t<p>Hitrost, s katero se vse spreminja, je neizprosna. Povpra\u0161evanje po komunikacijskih okoljih, ki&nbsp; omogo\u010dajo ve\u010d za ni\u017ejo ceno, je vsak dan ve\u010dje. U\u010dinkovito nadzorovanje te\u017eav zahteva vedno ve\u010d razli\u010dnih znanj, obremenjuje dragocene vire in vsebuje znatna tveganja. PSE poslovne komunikacije omogo\u010da podjetjem, da se osredoto\u010dijo na bistvo svojega poslovanja, nadzorujejo tveganja in na podlagi izku\u0161enj in vpeljanih procesov kontinuirano uresni\u010dujejo tehnolo\u0161ke izbolj\u0161ave.<\/p>\r\n<p>V sodelovanju z vami ustvarimo strate\u0161ki komunikacijski na\u010drt, katerega namen je doseganje va\u0161ih klju\u010dnih poslovnih ciljev. Na\u010drt lahko vklju\u010duje tudi mo\u017enost, da va\u0161e komunikacijske zahteve zagotovimo kot upravljano storitev (managed service). Karkoli potrebujete; poenotene komunikacije, mobilnost, IT telefonijo \u2013 gostimo, upravljamo, nadzorujemo in optimiziramo lahko vse elemente, potrebne za zagotovitev teh storitev.<\/p>\r\n<p><strong>Obvladovanje stro\u0161kov<\/strong><\/p>\r\n<p>U\u010dinkovito re\u0161evanje te\u017eav obremenjuje dragocene vire. Na\u0161e re\u0161itve za upravljanje storitev vam omogo\u010dajo, da se osredoto\u010dite na bistvo svojega poslovanja, medtem ko mi skrbimo za komunikacijsko infrastrukturo, kar vam prihrani neposredne stro\u0161ke in naredi stro\u0161ke uporabe bolj transparentne. Na\u0161a ponudba storitev prina\u0161a odli\u010dne rezultate in zni\u017ea s komunikacijami povezane obratovalne stro\u0161ke za do 35%!<\/p>\r\n<p><strong>Vrhunske storitve \u2013 vedno na voljo<\/strong><\/p>\r\n<p>Z uporabo enakih orodij in postopkov kot jih uporabljajo va\u0161i partnerji po svetu lahko mo\u010dno izbolj\u0161ate produktivnost. Na\u0161e re\u0161itve vam omogo\u010dajo konsistentno uporabo katerihkoli na\u0161ih storitev, na vsaki ravni. Dobite jasen vpogled v u\u010dinkovitost storitev, pospe\u0161ite razre\u0161evanje problemov in izbolj\u0161ate produktivnost sodelovanja s partnerji.<\/p>\r\n<p><strong>Preprosta pot k bolj\u0161im komunikacijam<\/strong><\/p>\r\n<p>Na\u0161e re\u0161itve za upravljanje storitev vam olaj\u0161ajo prehod na novej\u0161e in bolj\u0161e komunikacijske tehnologije, kadarkoli to potrebujete. Nadgradnja je tako preprostej\u0161a, kot \u010de bi spremembe realizirali sami. Ponujamo storitve, ki vam olaj\u0161ajo prehod na poenotene komunikacije. Enostavna integracija omogo\u010di nove na\u010dine poslovanja, ki olaj\u0161ajo sodelovanje in pove\u010dajo produktivnost.<br \/>Na\u0161 doprinos k va\u0161im komunikacijam je izjemno fleksibilen. Lahko se odlo\u010dite za svetovalni pristop ali za serijo upravljanih storitev. Do re\u0161itev lahko dostopate na na\u010din, ki je najbolj primeren za va\u0161e poslovanje.<\/p>\t\t\t\t\t\t\t\t<\/div>\n\t\t\t\t<\/div>\n\t\t\t\t\t<\/div>\n\t\t\t\t<\/div>\n\t\t\t\t<\/div>\n\t\t","protected":false},"excerpt":{"rendered":"<p>Hitrost, s katero se vse spreminja, je neizprosna. Povpra\u0161evanje po komunikacijskih okoljih, ki&nbsp; omogo\u010dajo ve\u010d za ni\u017ejo ceno, je vsak [&hellip;]<\/p>\n","protected":false},"author":1,"featured_media":0,"parent":0,"menu_order":89,"comment_status":"closed","ping_status":"closed","template":"","meta":{"_acf_changed":false,"_lmt_disableupdate":"","_lmt_disable":"","_monsterinsights_skip_tracking":false,"_monsterinsights_sitenote_active":false,"_monsterinsights_sitenote_note":"","_monsterinsights_sitenote_category":0,"site-sidebar-layout":"default","site-content-layout":"","ast-site-content-layout":"default","site-content-style":"default","site-sidebar-style":"default","ast-global-header-display":"","ast-banner-title-visibility":"","ast-main-header-display":"","ast-hfb-above-header-display":"","ast-hfb-below-header-display":"","ast-hfb-mobile-header-display":"","site-post-title":"","ast-breadcrumbs-content":"","ast-featured-img":"","footer-sml-layout":"","ast-disable-related-posts":"","theme-transparent-header-meta":"","adv-header-id-meta":"","stick-header-meta":"","header-above-stick-meta":"","header-main-stick-meta":"","header-below-stick-meta":"","astra-migrate-meta-layouts":"default","ast-page-background-enabled":"default","ast-page-background-meta":{"desktop":{"background-color":"var(--ast-global-color-5)","background-image":"","background-repeat":"repeat","background-position":"center center","background-size":"auto","background-attachment":"scroll","background-type":"","background-media":"","overlay-type":"","overlay-color":"","overlay-opacity":"","overlay-gradient":""},"tablet":{"background-color":"","background-image":"","background-repeat":"repeat","background-position":"center center","background-size":"auto","background-attachment":"scroll","background-type":"","background-media":"","overlay-type":"","overlay-color":"","overlay-opacity":"","overlay-gradient":""},"mobile":{"background-color":"","background-image":"","background-repeat":"repeat","background-position":"center center","background-size":"auto","background-attachment":"scroll","background-type":"","background-media":"","overlay-type":"","overlay-color":"","overlay-opacity":"","overlay-gradient":""}},"ast-content-background-meta":{"desktop":{"background-color":"var(--ast-global-color-4)","background-image":"","background-repeat":"repeat","background-position":"center center","background-size":"auto","background-attachment":"scroll","background-type":"","background-media":"","overlay-type":"","overlay-color":"","overlay-opacity":"","overlay-gradient":""},"tablet":{"background-color":"var(--ast-global-color-4)","background-image":"","background-repeat":"repeat","background-position":"center center","background-size":"auto","background-attachment":"scroll","background-type":"","background-media":"","overlay-type":"","overlay-color":"","overlay-opacity":"","overlay-gradient":""},"mobile":{"background-color":"var(--ast-global-color-4)","background-image":"","background-repeat":"repeat","background-position":"center center","background-size":"auto","background-attachment":"scroll","background-type":"","background-media":"","overlay-type":"","overlay-color":"","overlay-opacity":"","overlay-gradient":""}},"footnotes":""},"class_list":["post-1664","page","type-page","status-publish","hentry"],"acf":[],"yoast_head":"<!-- This site is optimized with the Yoast SEO Premium plugin v26.1 (Yoast SEO v26.1.1) - https:\/\/yoast.com\/wordpress\/plugins\/seo\/ -->\n<title>Upravljanje storitev - PSE spletna stran<\/title>\n<meta name=\"robots\" content=\"index, follow, max-snippet:-1, max-image-preview:large, max-video-preview:-1\" \/>\n<link rel=\"canonical\" href=\"https:\/\/www.pse.si\/sl\/upravljanje-storitev\/\" \/>\n<meta property=\"og:locale\" content=\"sl_SI\" \/>\n<meta property=\"og:type\" content=\"article\" \/>\n<meta property=\"og:title\" content=\"Upravljanje storitev\" \/>\n<meta property=\"og:description\" content=\"Hitrost, s katero se vse spreminja, je neizprosna. Povpra\u0161evanje po komunikacijskih okoljih, ki&nbsp; omogo\u010dajo ve\u010d za ni\u017ejo ceno, je vsak [&hellip;]\" \/>\n<meta property=\"og:url\" content=\"https:\/\/www.pse.si\/sl\/upravljanje-storitev\/\" \/>\n<meta property=\"og:site_name\" content=\"PSE spletna stran\" \/>\n<meta property=\"article:publisher\" content=\"https:\/\/www.linkedin.com\/company\/pse-poslovne-komunikacije-d-o-o-\/?viewAsMember=true\" \/>\n<meta property=\"article:modified_time\" content=\"2026-03-23T13:12:27+00:00\" \/>\n<meta name=\"twitter:card\" content=\"summary_large_image\" \/>\n<meta name=\"twitter:label1\" content=\"Est. reading time\" \/>\n\t<meta name=\"twitter:data1\" content=\"2 minuti\" \/>\n<script type=\"application\/ld+json\" class=\"yoast-schema-graph\">{\"@context\":\"https:\/\/schema.org\",\"@graph\":[{\"@type\":\"WebPage\",\"@id\":\"https:\/\/www.pse.si\/sl\/upravljanje-storitev\/\",\"url\":\"https:\/\/www.pse.si\/sl\/upravljanje-storitev\/\",\"name\":\"Upravljanje storitev - PSE spletna stran\",\"isPartOf\":{\"@id\":\"https:\/\/www.pse.si\/sl\/#website\"},\"datePublished\":\"2010-09-03T09:44:08+00:00\",\"dateModified\":\"2026-03-23T13:12:27+00:00\",\"breadcrumb\":{\"@id\":\"https:\/\/www.pse.si\/sl\/upravljanje-storitev\/#breadcrumb\"},\"inLanguage\":\"sl-SI\",\"potentialAction\":[{\"@type\":\"ReadAction\",\"target\":[\"https:\/\/www.pse.si\/sl\/upravljanje-storitev\/\"]}]},{\"@type\":\"BreadcrumbList\",\"@id\":\"https:\/\/www.pse.si\/sl\/upravljanje-storitev\/#breadcrumb\",\"itemListElement\":[{\"@type\":\"ListItem\",\"position\":1,\"name\":\"Home\",\"item\":\"https:\/\/www.pse.si\/sl\/\"},{\"@type\":\"ListItem\",\"position\":2,\"name\":\"Upravljanje storitev\"}]},{\"@type\":\"WebSite\",\"@id\":\"https:\/\/www.pse.si\/sl\/#website\",\"url\":\"https:\/\/www.pse.si\/sl\/\",\"name\":\"PSE spletna stran\",\"description\":\"Sodobne telekomunikacijske re\u0161itve\",\"publisher\":{\"@id\":\"https:\/\/www.pse.si\/sl\/#organization\"},\"potentialAction\":[{\"@type\":\"SearchAction\",\"target\":{\"@type\":\"EntryPoint\",\"urlTemplate\":\"https:\/\/www.pse.si\/sl\/?s={search_term_string}\"},\"query-input\":{\"@type\":\"PropertyValueSpecification\",\"valueRequired\":true,\"valueName\":\"search_term_string\"}}],\"inLanguage\":\"sl-SI\"},{\"@type\":\"Organization\",\"@id\":\"https:\/\/www.pse.si\/sl\/#organization\",\"name\":\"PSE d.o.o.\",\"url\":\"https:\/\/www.pse.si\/sl\/\",\"logo\":{\"@type\":\"ImageObject\",\"inLanguage\":\"sl-SI\",\"@id\":\"https:\/\/www.pse.si\/sl\/#\/schema\/logo\/image\/\",\"url\":\"https:\/\/www.pse.si\/sl\/wp-content\/uploads\/sites\/2\/2022\/06\/PSE-logo-www-270px.webp\",\"contentUrl\":\"https:\/\/www.pse.si\/sl\/wp-content\/uploads\/sites\/2\/2022\/06\/PSE-logo-www-270px.webp\",\"width\":270,\"height\":111,\"caption\":\"PSE d.o.o.\"},\"image\":{\"@id\":\"https:\/\/www.pse.si\/sl\/#\/schema\/logo\/image\/\"},\"sameAs\":[\"https:\/\/www.linkedin.com\/company\/pse-poslovne-komunikacije-d-o-o-\/?viewAsMember=true\"]}]}<\/script>\n<!-- \/ Yoast SEO Premium plugin. -->","yoast_head_json":{"title":"Upravljanje storitev - PSE spletna stran","robots":{"index":"index","follow":"follow","max-snippet":"max-snippet:-1","max-image-preview":"max-image-preview:large","max-video-preview":"max-video-preview:-1"},"canonical":"https:\/\/www.pse.si\/sl\/upravljanje-storitev\/","og_locale":"sl_SI","og_type":"article","og_title":"Upravljanje storitev","og_description":"Hitrost, s katero se vse spreminja, je neizprosna. Povpra\u0161evanje po komunikacijskih okoljih, ki&nbsp; omogo\u010dajo ve\u010d za ni\u017ejo ceno, je vsak [&hellip;]","og_url":"https:\/\/www.pse.si\/sl\/upravljanje-storitev\/","og_site_name":"PSE spletna stran","article_publisher":"https:\/\/www.linkedin.com\/company\/pse-poslovne-komunikacije-d-o-o-\/?viewAsMember=true","article_modified_time":"2026-03-23T13:12:27+00:00","twitter_card":"summary_large_image","twitter_misc":{"Est. reading time":"2 minuti"},"schema":{"@context":"https:\/\/schema.org","@graph":[{"@type":"WebPage","@id":"https:\/\/www.pse.si\/sl\/upravljanje-storitev\/","url":"https:\/\/www.pse.si\/sl\/upravljanje-storitev\/","name":"Upravljanje storitev - PSE spletna stran","isPartOf":{"@id":"https:\/\/www.pse.si\/sl\/#website"},"datePublished":"2010-09-03T09:44:08+00:00","dateModified":"2026-03-23T13:12:27+00:00","breadcrumb":{"@id":"https:\/\/www.pse.si\/sl\/upravljanje-storitev\/#breadcrumb"},"inLanguage":"sl-SI","potentialAction":[{"@type":"ReadAction","target":["https:\/\/www.pse.si\/sl\/upravljanje-storitev\/"]}]},{"@type":"BreadcrumbList","@id":"https:\/\/www.pse.si\/sl\/upravljanje-storitev\/#breadcrumb","itemListElement":[{"@type":"ListItem","position":1,"name":"Home","item":"https:\/\/www.pse.si\/sl\/"},{"@type":"ListItem","position":2,"name":"Upravljanje storitev"}]},{"@type":"WebSite","@id":"https:\/\/www.pse.si\/sl\/#website","url":"https:\/\/www.pse.si\/sl\/","name":"PSE spletna stran","description":"Sodobne telekomunikacijske re\u0161itve","publisher":{"@id":"https:\/\/www.pse.si\/sl\/#organization"},"potentialAction":[{"@type":"SearchAction","target":{"@type":"EntryPoint","urlTemplate":"https:\/\/www.pse.si\/sl\/?s={search_term_string}"},"query-input":{"@type":"PropertyValueSpecification","valueRequired":true,"valueName":"search_term_string"}}],"inLanguage":"sl-SI"},{"@type":"Organization","@id":"https:\/\/www.pse.si\/sl\/#organization","name":"PSE d.o.o.","url":"https:\/\/www.pse.si\/sl\/","logo":{"@type":"ImageObject","inLanguage":"sl-SI","@id":"https:\/\/www.pse.si\/sl\/#\/schema\/logo\/image\/","url":"https:\/\/www.pse.si\/sl\/wp-content\/uploads\/sites\/2\/2022\/06\/PSE-logo-www-270px.webp","contentUrl":"https:\/\/www.pse.si\/sl\/wp-content\/uploads\/sites\/2\/2022\/06\/PSE-logo-www-270px.webp","width":270,"height":111,"caption":"PSE d.o.o."},"image":{"@id":"https:\/\/www.pse.si\/sl\/#\/schema\/logo\/image\/"},"sameAs":["https:\/\/www.linkedin.com\/company\/pse-poslovne-komunikacije-d-o-o-\/?viewAsMember=true"]}]}},"_links":{"self":[{"href":"https:\/\/www.pse.si\/sl\/wp-json\/wp\/v2\/pages\/1664","targetHints":{"allow":["GET"]}}],"collection":[{"href":"https:\/\/www.pse.si\/sl\/wp-json\/wp\/v2\/pages"}],"about":[{"href":"https:\/\/www.pse.si\/sl\/wp-json\/wp\/v2\/types\/page"}],"author":[{"embeddable":true,"href":"https:\/\/www.pse.si\/sl\/wp-json\/wp\/v2\/users\/1"}],"replies":[{"embeddable":true,"href":"https:\/\/www.pse.si\/sl\/wp-json\/wp\/v2\/comments?post=1664"}],"version-history":[{"count":3,"href":"https:\/\/www.pse.si\/sl\/wp-json\/wp\/v2\/pages\/1664\/revisions"}],"predecessor-version":[{"id":7378,"href":"https:\/\/www.pse.si\/sl\/wp-json\/wp\/v2\/pages\/1664\/revisions\/7378"}],"wp:attachment":[{"href":"https:\/\/www.pse.si\/sl\/wp-json\/wp\/v2\/media?parent=1664"}],"curies":[{"name":"wp","href":"https:\/\/api.w.org\/{rel}","templated":true}]}}