{"id":1666,"date":"2010-09-03T07:34:49","date_gmt":"2010-09-03T07:34:49","guid":{"rendered":"https:\/\/test.pse.si\/sl\/obvladajte-telekomunikacijske-stroske\/"},"modified":"2026-03-23T13:14:29","modified_gmt":"2026-03-23T13:14:29","slug":"obvladajte-telekomunikacijske-stroske","status":"publish","type":"page","link":"https:\/\/www.pse.si\/sl\/obvladajte-telekomunikacijske-stroske\/","title":{"rendered":"Obvladajte telekomunikacijske stro\u0161ke"},"content":{"rendered":"\t\t<div data-elementor-type=\"wp-page\" data-elementor-id=\"1666\" class=\"elementor elementor-1666\" data-elementor-settings=\"{&quot;ha_cmc_init_switcher&quot;:&quot;no&quot;}\" data-elementor-post-type=\"page\">\n\t\t\t\t<div class=\"elementor-element elementor-element-5e89269d e-con-full e-flex e-con e-parent\" data-id=\"5e89269d\" data-element_type=\"container\" data-e-type=\"container\" data-settings=\"{&quot;background_background&quot;:&quot;classic&quot;,&quot;_ha_eqh_enable&quot;:false}\">\n\t\t\t\t<div class=\"elementor-element elementor-element-68042027 elementor-widget elementor-widget-theme-post-title elementor-page-title elementor-widget-heading\" data-id=\"68042027\" data-element_type=\"widget\" data-e-type=\"widget\" data-widget_type=\"theme-post-title.default\">\n\t\t\t\t<div class=\"elementor-widget-container\">\n\t\t\t\t\t<h1 class=\"elementor-heading-title elementor-size-default\">Obvladajte telekomunikacijske stro\u0161ke<\/h1>\t\t\t\t<\/div>\n\t\t\t\t<\/div>\n\t\t\t\t<\/div>\n\t\t<div class=\"elementor-element elementor-element-1c0da082 e-flex e-con-boxed e-con e-parent\" data-id=\"1c0da082\" data-element_type=\"container\" data-e-type=\"container\" data-settings=\"{&quot;_ha_eqh_enable&quot;:false}\">\n\t\t\t\t\t<div class=\"e-con-inner\">\n\t\t\t\t<div class=\"elementor-element elementor-element-1f521436 elementor-widget elementor-widget-text-editor\" data-id=\"1f521436\" data-element_type=\"widget\" data-e-type=\"widget\" data-widget_type=\"text-editor.default\">\n\t\t\t\t<div class=\"elementor-widget-container\">\n\t\t\t\t\t\t\t\t\t<p>Telekomunikacije so drugi najve\u010dji splo\u0161ni stro\u0161ek za povpre\u010dno podjetje. Ve\u010dina organizacij lahko zmanj\u0161a te stro\u0161ke v obsegu 15-30 odstotkov, nekatere organizacije pa jih lahko zmanj\u0161ajo tudi za ve\u010d kot 50 odstotkov.<\/p>\r\n<p>Klju\u010d do zmanj\u0161anja stro\u0161kov je poznavanje panoge in tehni\u010dnih mo\u017enosti, ki omogo\u010dajo optimizacijo telekomunikacijskih stro\u0161kov.<br \/>\u0160tevilna podjetja pla\u010dujejo storitve po cenah, ki so vi\u0161je od trenutnih tr\u017enih, pla\u010dujejo odve\u010dne zmogljivosti (javne povezave, prenosne kapacitete, \u0161tevilo priklju\u010dkov), ne odkrivajo ra\u010dunskih napak in zelo pogosto ne uporabljajo optimalnih tehnologij.<\/p>\r\n<p>Pristop do telekomunikacij v ve\u010dini podjetij je skrajno konservativen s pri\u010dakovanjem 100% zanesljivosti sistemov in z izogibanjem kakr\u0161nim koli spremembam, ki bi lahko predstavljale tveganje. Posledi\u010dno v marsikaterem podjetju obvladovanje telekomunikacijskih stro\u0161kov ni optimalno.<\/p>\r\n<p>Podrobna analiza telekomunikacij lahko tako v ve\u010dini podjetij zagotovi znatne prihranke.<\/p>\r\n<p><strong>Tipi\u010dni na\u010dini za zni\u017eevanje stro\u0161kov so:<\/strong><\/p>\r\n<ul>\r\n<li>zmanj\u0161anje porabe (manj\u0161e \u0161tevilo klicev, manj\u0161e prenosne kapacitete, manj javnih povezav)<\/li>\r\n<li>zamenjava dobaviteljev<\/li>\r\n<li>upravljane storitve<\/li>\r\n<li>analiza in sprememba obstoje\u010dih pogodb<\/li>\r\n<li>nadzor ra\u010dunov in popravljanje napak (neodvisne analize ka\u017eejo, da se napake pojavljajo na velikem \u0161tevilu ra\u010dunov, na splo\u0161no je ve\u010dina napak v korist ponudnika)<\/li>\r\n<li>uporaba bolj u\u010dinkovitih, cenej\u0161ih tehnologij<\/li>\r\n<li>u\u010dinkovitej\u0161i poslovni procesi<\/li>\r\n<li>pove\u010danje varnosti<\/li>\r\n<\/ul>\r\n<p><br \/><strong>Na splo\u0161na priporo\u010dila vplivajo trenutni industrijski trendi in spremembe pri tipi\u010dnih poslovnih procesih:<\/strong><\/p>\r\n<ul>\r\n<li>Vedno ve\u010dji pomen telekomunikacij v sodobni dru\u017ebi.<\/li>\r\n<li>Zana\u0161anje na IT in telekomunikacije se \u0161e vedno hitro pove\u010duje. Od dela na daljavo do spletnega poslovanja, pomen telekomunikacij \u0161e vedno nara\u0161\u010da.<\/li>\r\n<li>Nadaljnji prodor Interneta kot prevladujo\u010de sile v industriji.<\/li>\r\n<li>Vedno ve\u010dja pomembnost novih tehnologij, vklju\u010dno z brez\u017ei\u010dnimi storitvami.<\/li>\r\n<li>Vedno vi\u0161ji nivo standardizacije na eni strani in kompleksna telekomunikacijska arhitektura na drugi strani.<\/li>\r\n<li>So\u017eitje starih (od bakrenih povezav za zadnji kilometer) in novih tehnologij.<\/li>\r\n<li>Stare delujo\u010de tehnologije, ki bodo obstale v omre\u017ejih v naslednjem desetletju.<\/li>\r\n<li>Pomen upravljanih storitev, ki nara\u0161\u010da.<strong><br \/><\/strong><\/li>\r\n<\/ul>\r\n<p><strong>Zakaj je nadzor telekomunikacijskih stro\u0161kov tako te\u017eak?<\/strong><\/p>\r\n<ul>\r\n<li>Telekomunikacijski ra\u010duni so nepregledni, dolgi in pogosto obstajajo samo v papirni obliki.<\/li>\r\n<li>Ponudniki storitev imajo razli\u010dne na\u010dine za podajanje podatkov in obra\u010dun storitev.<\/li>\r\n<li>Povezovanje posameznih stro\u0161kov s stro\u0161kovnimi nosilci je pogosto zelo ote\u017eeno.<\/li>\r\n<li>Napovedi prihodnje organiziranosti in telekomunikacijskih potreb so pogosto te\u017eavne.<\/li>\r\n<li>V podjetjih pogosto primanjkuje notranjega strokovnega znanja, s katerim bi lahko analizirali telekomunikacijske stro\u0161ke.<\/li>\r\n<li>Strah pred spremembami, ki lahko ustavi marsikatero pobudo, s katero bi lahko zmanj\u0161ali stro\u0161ke.<\/li>\r\n<li>Konvergenca govornih, podatkovnih in video komunikacij. Zara\u010dunavanje kapacitet za razli\u010dne tipe komunikacij je bilo vedno razli\u010dno.<\/li>\r\n<li>Telekomunikacijsko okolje je izjemno dinami\u010dno. Tehnologije, ponudniki in cene se spreminjajo dnevno.<\/li>\r\n<\/ul>\r\n<p><br \/><a href=\"https:\/\/test.pse.si\/pse-about\/\">Kontaktirajte nas in pomagali vam bomo optimizirati va\u0161e telekomunikacijske stro\u0161ke.<\/a><br \/><br \/>V podjetju PSE ponujamo svojim strankam izdelavo analize telekomunikacijskih stro\u0161kov.<br \/>Na podlagi izsledkov opravljene analize se lahko odlo\u010dite za optimizacijo stro\u0161kov pri obstoje\u010dem ponudniku, zamenjavo ponudnika ali priklop ve\u010d ponudnikov (tako fiksnih kot tudi mobilnih).<br \/><br \/>Z optimiranjem telekomunikacijskih storitev boste zni\u017eali stro\u0161ke tudi do 50%.<\/p>\t\t\t\t\t\t\t\t<\/div>\n\t\t\t\t<\/div>\n\t\t\t\t\t<\/div>\n\t\t\t\t<\/div>\n\t\t\t\t<\/div>\n\t\t","protected":false},"excerpt":{"rendered":"<p>Telekomunikacije so drugi najve\u010dji splo\u0161ni stro\u0161ek za povpre\u010dno podjetje. Ve\u010dina organizacij lahko zmanj\u0161a te stro\u0161ke v obsegu 15-30 odstotkov, nekatere [&hellip;]<\/p>\n","protected":false},"author":1,"featured_media":0,"parent":0,"menu_order":91,"comment_status":"closed","ping_status":"closed","template":"","meta":{"_acf_changed":false,"_lmt_disableupdate":"","_lmt_disable":"","_monsterinsights_skip_tracking":false,"_monsterinsights_sitenote_active":false,"_monsterinsights_sitenote_note":"","_monsterinsights_sitenote_category":0,"site-sidebar-layout":"default","site-content-layout":"","ast-site-content-layout":"default","site-content-style":"default","site-sidebar-style":"default","ast-global-header-display":"","ast-banner-title-visibility":"","ast-main-header-display":"","ast-hfb-above-header-display":"","ast-hfb-below-header-display":"","ast-hfb-mobile-header-display":"","site-post-title":"","ast-breadcrumbs-content":"","ast-featured-img":"","footer-sml-layout":"","ast-disable-related-posts":"","theme-transparent-header-meta":"","adv-header-id-meta":"","stick-header-meta":"","header-above-stick-meta":"","header-main-stick-meta":"","header-below-stick-meta":"","astra-migrate-meta-layouts":"default","ast-page-background-enabled":"default","ast-page-background-meta":{"desktop":{"background-color":"var(--ast-global-color-5)","background-image":"","background-repeat":"repeat","background-position":"center center","background-size":"auto","background-attachment":"scroll","background-type":"","background-media":"","overlay-type":"","overlay-color":"","overlay-opacity":"","overlay-gradient":""},"tablet":{"background-color":"","background-image":"","background-repeat":"repeat","background-position":"center center","background-size":"auto","background-attachment":"scroll","background-type":"","background-media":"","overlay-type":"","overlay-color":"","overlay-opacity":"","overlay-gradient":""},"mobile":{"background-color":"","background-image":"","background-repeat":"repeat","background-position":"center center","background-size":"auto","background-attachment":"scroll","background-type":"","background-media":"","overlay-type":"","overlay-color":"","overlay-opacity":"","overlay-gradient":""}},"ast-content-background-meta":{"desktop":{"background-color":"var(--ast-global-color-4)","background-image":"","background-repeat":"repeat","background-position":"center center","background-size":"auto","background-attachment":"scroll","background-type":"","background-media":"","overlay-type":"","overlay-color":"","overlay-opacity":"","overlay-gradient":""},"tablet":{"background-color":"var(--ast-global-color-4)","background-image":"","background-repeat":"repeat","background-position":"center center","background-size":"auto","background-attachment":"scroll","background-type":"","background-media":"","overlay-type":"","overlay-color":"","overlay-opacity":"","overlay-gradient":""},"mobile":{"background-color":"var(--ast-global-color-4)","background-image":"","background-repeat":"repeat","background-position":"center center","background-size":"auto","background-attachment":"scroll","background-type":"","background-media":"","overlay-type":"","overlay-color":"","overlay-opacity":"","overlay-gradient":""}},"footnotes":""},"class_list":["post-1666","page","type-page","status-publish","hentry"],"acf":[],"yoast_head":"<!-- This site is optimized with the Yoast SEO Premium plugin v26.1 (Yoast SEO v26.1.1) - https:\/\/yoast.com\/wordpress\/plugins\/seo\/ -->\n<title>Obvladajte telekomunikacijske stro\u0161ke - PSE spletna stran<\/title>\n<meta name=\"robots\" content=\"index, follow, max-snippet:-1, max-image-preview:large, max-video-preview:-1\" \/>\n<link rel=\"canonical\" href=\"https:\/\/www.pse.si\/sl\/obvladajte-telekomunikacijske-stroske\/\" \/>\n<meta property=\"og:locale\" content=\"sl_SI\" \/>\n<meta property=\"og:type\" content=\"article\" \/>\n<meta property=\"og:title\" content=\"Obvladajte telekomunikacijske stro\u0161ke\" \/>\n<meta property=\"og:description\" content=\"Telekomunikacije so drugi najve\u010dji splo\u0161ni stro\u0161ek za povpre\u010dno podjetje. Ve\u010dina organizacij lahko zmanj\u0161a te stro\u0161ke v obsegu 15-30 odstotkov, nekatere [&hellip;]\" \/>\n<meta property=\"og:url\" content=\"https:\/\/www.pse.si\/sl\/obvladajte-telekomunikacijske-stroske\/\" \/>\n<meta property=\"og:site_name\" content=\"PSE spletna stran\" \/>\n<meta property=\"article:publisher\" content=\"https:\/\/www.linkedin.com\/company\/pse-poslovne-komunikacije-d-o-o-\/?viewAsMember=true\" \/>\n<meta property=\"article:modified_time\" content=\"2026-03-23T13:14:29+00:00\" \/>\n<meta name=\"twitter:card\" content=\"summary_large_image\" \/>\n<meta name=\"twitter:label1\" content=\"Est. reading time\" \/>\n\t<meta name=\"twitter:data1\" content=\"3 minute\" \/>\n<script type=\"application\/ld+json\" class=\"yoast-schema-graph\">{\"@context\":\"https:\/\/schema.org\",\"@graph\":[{\"@type\":\"WebPage\",\"@id\":\"https:\/\/www.pse.si\/sl\/obvladajte-telekomunikacijske-stroske\/\",\"url\":\"https:\/\/www.pse.si\/sl\/obvladajte-telekomunikacijske-stroske\/\",\"name\":\"Obvladajte telekomunikacijske stro\u0161ke - PSE spletna stran\",\"isPartOf\":{\"@id\":\"https:\/\/www.pse.si\/sl\/#website\"},\"datePublished\":\"2010-09-03T07:34:49+00:00\",\"dateModified\":\"2026-03-23T13:14:29+00:00\",\"breadcrumb\":{\"@id\":\"https:\/\/www.pse.si\/sl\/obvladajte-telekomunikacijske-stroske\/#breadcrumb\"},\"inLanguage\":\"sl-SI\",\"potentialAction\":[{\"@type\":\"ReadAction\",\"target\":[\"https:\/\/www.pse.si\/sl\/obvladajte-telekomunikacijske-stroske\/\"]}]},{\"@type\":\"BreadcrumbList\",\"@id\":\"https:\/\/www.pse.si\/sl\/obvladajte-telekomunikacijske-stroske\/#breadcrumb\",\"itemListElement\":[{\"@type\":\"ListItem\",\"position\":1,\"name\":\"Home\",\"item\":\"https:\/\/www.pse.si\/sl\/\"},{\"@type\":\"ListItem\",\"position\":2,\"name\":\"Obvladajte telekomunikacijske stro\u0161ke\"}]},{\"@type\":\"WebSite\",\"@id\":\"https:\/\/www.pse.si\/sl\/#website\",\"url\":\"https:\/\/www.pse.si\/sl\/\",\"name\":\"PSE spletna stran\",\"description\":\"Sodobne telekomunikacijske re\u0161itve\",\"publisher\":{\"@id\":\"https:\/\/www.pse.si\/sl\/#organization\"},\"potentialAction\":[{\"@type\":\"SearchAction\",\"target\":{\"@type\":\"EntryPoint\",\"urlTemplate\":\"https:\/\/www.pse.si\/sl\/?s={search_term_string}\"},\"query-input\":{\"@type\":\"PropertyValueSpecification\",\"valueRequired\":true,\"valueName\":\"search_term_string\"}}],\"inLanguage\":\"sl-SI\"},{\"@type\":\"Organization\",\"@id\":\"https:\/\/www.pse.si\/sl\/#organization\",\"name\":\"PSE d.o.o.\",\"url\":\"https:\/\/www.pse.si\/sl\/\",\"logo\":{\"@type\":\"ImageObject\",\"inLanguage\":\"sl-SI\",\"@id\":\"https:\/\/www.pse.si\/sl\/#\/schema\/logo\/image\/\",\"url\":\"https:\/\/www.pse.si\/sl\/wp-content\/uploads\/sites\/2\/2022\/06\/PSE-logo-www-270px.webp\",\"contentUrl\":\"https:\/\/www.pse.si\/sl\/wp-content\/uploads\/sites\/2\/2022\/06\/PSE-logo-www-270px.webp\",\"width\":270,\"height\":111,\"caption\":\"PSE d.o.o.\"},\"image\":{\"@id\":\"https:\/\/www.pse.si\/sl\/#\/schema\/logo\/image\/\"},\"sameAs\":[\"https:\/\/www.linkedin.com\/company\/pse-poslovne-komunikacije-d-o-o-\/?viewAsMember=true\"]}]}<\/script>\n<!-- \/ Yoast SEO Premium plugin. -->","yoast_head_json":{"title":"Obvladajte telekomunikacijske stro\u0161ke - PSE spletna stran","robots":{"index":"index","follow":"follow","max-snippet":"max-snippet:-1","max-image-preview":"max-image-preview:large","max-video-preview":"max-video-preview:-1"},"canonical":"https:\/\/www.pse.si\/sl\/obvladajte-telekomunikacijske-stroske\/","og_locale":"sl_SI","og_type":"article","og_title":"Obvladajte telekomunikacijske stro\u0161ke","og_description":"Telekomunikacije so drugi najve\u010dji splo\u0161ni stro\u0161ek za povpre\u010dno podjetje. Ve\u010dina organizacij lahko zmanj\u0161a te stro\u0161ke v obsegu 15-30 odstotkov, nekatere [&hellip;]","og_url":"https:\/\/www.pse.si\/sl\/obvladajte-telekomunikacijske-stroske\/","og_site_name":"PSE spletna stran","article_publisher":"https:\/\/www.linkedin.com\/company\/pse-poslovne-komunikacije-d-o-o-\/?viewAsMember=true","article_modified_time":"2026-03-23T13:14:29+00:00","twitter_card":"summary_large_image","twitter_misc":{"Est. reading time":"3 minute"},"schema":{"@context":"https:\/\/schema.org","@graph":[{"@type":"WebPage","@id":"https:\/\/www.pse.si\/sl\/obvladajte-telekomunikacijske-stroske\/","url":"https:\/\/www.pse.si\/sl\/obvladajte-telekomunikacijske-stroske\/","name":"Obvladajte telekomunikacijske stro\u0161ke - PSE spletna stran","isPartOf":{"@id":"https:\/\/www.pse.si\/sl\/#website"},"datePublished":"2010-09-03T07:34:49+00:00","dateModified":"2026-03-23T13:14:29+00:00","breadcrumb":{"@id":"https:\/\/www.pse.si\/sl\/obvladajte-telekomunikacijske-stroske\/#breadcrumb"},"inLanguage":"sl-SI","potentialAction":[{"@type":"ReadAction","target":["https:\/\/www.pse.si\/sl\/obvladajte-telekomunikacijske-stroske\/"]}]},{"@type":"BreadcrumbList","@id":"https:\/\/www.pse.si\/sl\/obvladajte-telekomunikacijske-stroske\/#breadcrumb","itemListElement":[{"@type":"ListItem","position":1,"name":"Home","item":"https:\/\/www.pse.si\/sl\/"},{"@type":"ListItem","position":2,"name":"Obvladajte telekomunikacijske stro\u0161ke"}]},{"@type":"WebSite","@id":"https:\/\/www.pse.si\/sl\/#website","url":"https:\/\/www.pse.si\/sl\/","name":"PSE spletna stran","description":"Sodobne telekomunikacijske re\u0161itve","publisher":{"@id":"https:\/\/www.pse.si\/sl\/#organization"},"potentialAction":[{"@type":"SearchAction","target":{"@type":"EntryPoint","urlTemplate":"https:\/\/www.pse.si\/sl\/?s={search_term_string}"},"query-input":{"@type":"PropertyValueSpecification","valueRequired":true,"valueName":"search_term_string"}}],"inLanguage":"sl-SI"},{"@type":"Organization","@id":"https:\/\/www.pse.si\/sl\/#organization","name":"PSE d.o.o.","url":"https:\/\/www.pse.si\/sl\/","logo":{"@type":"ImageObject","inLanguage":"sl-SI","@id":"https:\/\/www.pse.si\/sl\/#\/schema\/logo\/image\/","url":"https:\/\/www.pse.si\/sl\/wp-content\/uploads\/sites\/2\/2022\/06\/PSE-logo-www-270px.webp","contentUrl":"https:\/\/www.pse.si\/sl\/wp-content\/uploads\/sites\/2\/2022\/06\/PSE-logo-www-270px.webp","width":270,"height":111,"caption":"PSE d.o.o."},"image":{"@id":"https:\/\/www.pse.si\/sl\/#\/schema\/logo\/image\/"},"sameAs":["https:\/\/www.linkedin.com\/company\/pse-poslovne-komunikacije-d-o-o-\/?viewAsMember=true"]}]}},"_links":{"self":[{"href":"https:\/\/www.pse.si\/sl\/wp-json\/wp\/v2\/pages\/1666","targetHints":{"allow":["GET"]}}],"collection":[{"href":"https:\/\/www.pse.si\/sl\/wp-json\/wp\/v2\/pages"}],"about":[{"href":"https:\/\/www.pse.si\/sl\/wp-json\/wp\/v2\/types\/page"}],"author":[{"embeddable":true,"href":"https:\/\/www.pse.si\/sl\/wp-json\/wp\/v2\/users\/1"}],"replies":[{"embeddable":true,"href":"https:\/\/www.pse.si\/sl\/wp-json\/wp\/v2\/comments?post=1666"}],"version-history":[{"count":3,"href":"https:\/\/www.pse.si\/sl\/wp-json\/wp\/v2\/pages\/1666\/revisions"}],"predecessor-version":[{"id":7386,"href":"https:\/\/www.pse.si\/sl\/wp-json\/wp\/v2\/pages\/1666\/revisions\/7386"}],"wp:attachment":[{"href":"https:\/\/www.pse.si\/sl\/wp-json\/wp\/v2\/media?parent=1666"}],"curies":[{"name":"wp","href":"https:\/\/api.w.org\/{rel}","templated":true}]}}