{"id":2536,"date":"2022-06-20T09:00:38","date_gmt":"2022-06-20T09:00:38","guid":{"rendered":"https:\/\/test.pse.si\/sl\/?page_id=2536"},"modified":"2026-03-23T17:14:34","modified_gmt":"2026-03-23T17:14:34","slug":"ip-telefonski-aparati-grandstream","status":"publish","type":"page","link":"https:\/\/www.pse.si\/sl\/ip-telefonski-aparati-grandstream\/","title":{"rendered":"IP telefonski aparati Grandstream"},"content":{"rendered":"\t\t<div data-elementor-type=\"wp-page\" data-elementor-id=\"2536\" class=\"elementor elementor-2536\" data-elementor-settings=\"{&quot;ha_cmc_init_switcher&quot;:&quot;no&quot;}\" data-elementor-post-type=\"page\">\n\t\t\t\t<div class=\"elementor-element elementor-element-11dc99a e-con-full e-flex e-con e-parent\" data-id=\"11dc99a\" data-element_type=\"container\" data-e-type=\"container\" data-settings=\"{&quot;background_background&quot;:&quot;classic&quot;,&quot;_ha_eqh_enable&quot;:false}\">\n\t\t\t\t<div class=\"elementor-element elementor-element-22fe5b89 elementor-widget elementor-widget-theme-post-title elementor-page-title elementor-widget-heading\" data-id=\"22fe5b89\" data-element_type=\"widget\" data-e-type=\"widget\" data-widget_type=\"theme-post-title.default\">\n\t\t\t\t<div class=\"elementor-widget-container\">\n\t\t\t\t\t<h1 class=\"elementor-heading-title elementor-size-default\">IP telefonski aparati Grandstream<\/h1>\t\t\t\t<\/div>\n\t\t\t\t<\/div>\n\t\t\t\t<\/div>\n\t\t\t\t<section class=\"elementor-section elementor-top-section elementor-element elementor-element-a0a3384 elementor-section-boxed elementor-section-height-default elementor-section-height-default\" data-id=\"a0a3384\" data-element_type=\"section\" data-e-type=\"section\" data-settings=\"{&quot;_ha_eqh_enable&quot;:false}\">\n\t\t\t\t\t\t<div class=\"elementor-container elementor-column-gap-default\">\n\t\t\t\t\t<div class=\"elementor-column elementor-col-100 elementor-top-column elementor-element elementor-element-68c14ba\" data-id=\"68c14ba\" data-element_type=\"column\" data-e-type=\"column\">\n\t\t\t<div class=\"elementor-widget-wrap elementor-element-populated\">\n\t\t\t\t\t\t<div class=\"elementor-element elementor-element-dadd209 elementor-widget elementor-widget-heading\" data-id=\"dadd209\" data-element_type=\"widget\" data-e-type=\"widget\" data-widget_type=\"heading.default\">\n\t\t\t\t<div class=\"elementor-widget-container\">\n\t\t\t\t\t<h2 class=\"elementor-heading-title elementor-size-default\">IP telefonski aparati<\/h2>\t\t\t\t<\/div>\n\t\t\t\t<\/div>\n\t\t\t\t\t<\/div>\n\t\t<\/div>\n\t\t\t\t\t<\/div>\n\t\t<\/section>\n\t\t\t\t<section class=\"elementor-section elementor-top-section elementor-element elementor-element-7116182 elementor-section-boxed elementor-section-height-default elementor-section-height-default\" data-id=\"7116182\" data-element_type=\"section\" data-e-type=\"section\" data-settings=\"{&quot;_ha_eqh_enable&quot;:false}\">\n\t\t\t\t\t\t<div class=\"elementor-container elementor-column-gap-default\">\n\t\t\t\t\t<div class=\"elementor-column elementor-col-50 elementor-top-column elementor-element elementor-element-58a38a5\" data-id=\"58a38a5\" data-element_type=\"column\" data-e-type=\"column\">\n\t\t\t<div class=\"elementor-widget-wrap elementor-element-populated\">\n\t\t\t\t\t\t<div class=\"elementor-element elementor-element-6d0f070 elementor-flip-box--effect-flip elementor-flip-box--direction-up elementor-widget elementor-widget-flip-box\" data-id=\"6d0f070\" data-element_type=\"widget\" data-e-type=\"widget\" data-widget_type=\"flip-box.default\">\n\t\t\t\t<div class=\"elementor-widget-container\">\n\t\t\t\t\t\t\t<div class=\"elementor-flip-box\" tabindex=\"0\">\n\t\t\t<div class=\"elementor-flip-box__layer elementor-flip-box__front\">\n\t\t\t\t<div class=\"elementor-flip-box__layer__overlay\">\n\t\t\t\t\t<div class=\"elementor-flip-box__layer__inner\">\n\t\t\t\t\t\t\n\t\t\t\t\t\t\t\t\t\t\t\t\t<h3 class=\"elementor-flip-box__layer__title\">\n\t\t\t\t\t\t\t\tIP telefoni za poslovne uporabnike\t\t\t\t\t\t\t<\/h3>\n\t\t\t\t\t\t\n\t\t\t\t\t\t\t\t\t\t\t<\/div>\n\t\t\t\t<\/div>\n\t\t\t<\/div>\n\t\t\t<div class=\"elementor-flip-box__layer elementor-flip-box__back\">\n\t\t\t<div class=\"elementor-flip-box__layer__overlay\">\n\t\t\t\t<div class=\"elementor-flip-box__layer__inner\">\n\t\t\t\t\t\t\t\t\t\t\t<h3 class=\"elementor-flip-box__layer__title\">\n\t\t\t\t\t\t\tIP telefoni za poslovne uporabnike\t\t\t\t\t\t<\/h3>\n\t\t\t\t\t\n\t\t\t\t\t\t\t\t\t\t\t<div class=\"elementor-flip-box__layer__description\">\n\t\t\t\t\t\t\tNaredite ve\u010d, opravite ve\u010d telefonskih klicev in bodite v stiku z ve\u010d ljudmi; ob pomo\u010di Grandstream-ove serije GRP. Ti najkakovostnej\u0161i i IP telefoni so zasnovani za uporabnike, ki telefon zelo pogosto uporabljajo in zato potrebujejo nemoten dostop do naprednih telefonskih funkcij, podporo in razli\u010dne uporabni\u0161ke mo\u017enosti.\t\t\t\t\t\t<\/div>\n\t\t\t\t\t\n\t\t\t\t\t\t\t\t\t\t\t<a class=\"elementor-flip-box__button elementor-button elementor-size-sm\" href=\"https:\/\/itshop.si\/?s=grp&#038;product_cat=&#038;post_type=product\" target=\"_blank\">\n\t\t\t\t\t\t\tVe\u010d informacij\t\t\t\t\t\t<\/a>\n\t\t\t\t\t\t\t\t<\/div>\n\t\t<\/div>\n\t\t<\/div>\n\t\t<\/div>\n\t\t\t\t\t\t<\/div>\n\t\t\t\t<\/div>\n\t\t\t\t<div class=\"elementor-element elementor-element-1eca114 elementor-flip-box--effect-flip elementor-flip-box--direction-up elementor-widget elementor-widget-flip-box\" data-id=\"1eca114\" data-element_type=\"widget\" data-e-type=\"widget\" data-widget_type=\"flip-box.default\">\n\t\t\t\t<div class=\"elementor-widget-container\">\n\t\t\t\t\t\t\t<div class=\"elementor-flip-box\" tabindex=\"0\">\n\t\t\t<div class=\"elementor-flip-box__layer elementor-flip-box__front\">\n\t\t\t\t<div class=\"elementor-flip-box__layer__overlay\">\n\t\t\t\t\t<div class=\"elementor-flip-box__layer__inner\">\n\t\t\t\t\t\t\n\t\t\t\t\t\t\t\t\t\t\t\t\t<h3 class=\"elementor-flip-box__layer__title\">\n\t\t\t\t\t\t\t\tOsnovni IP telefoni\t\t\t\t\t\t\t<\/h3>\n\t\t\t\t\t\t\n\t\t\t\t\t\t\t\t\t\t\t<\/div>\n\t\t\t\t<\/div>\n\t\t\t<\/div>\n\t\t\t<div class=\"elementor-flip-box__layer elementor-flip-box__back\">\n\t\t\t<div class=\"elementor-flip-box__layer__overlay\">\n\t\t\t\t<div class=\"elementor-flip-box__layer__inner\">\n\t\t\t\t\t\t\t\t\t\t\t<h3 class=\"elementor-flip-box__layer__title\">\n\t\t\t\t\t\t\tOsnovni IP telefoni\t\t\t\t\t\t<\/h3>\n\t\t\t\t\t\n\t\t\t\t\t\t\t\t\t\t\t<div class=\"elementor-flip-box__layer__description\">\n\t\t\t\t\t\t\tEnostavni in preprosti IP telefoni za vse, ki potrebujejo dostop do VoIP funkcij, in obenem ne zahtevajo naprednih funkcij.\t\t\t\t\t\t<\/div>\n\t\t\t\t\t\n\t\t\t\t\t\t\t\t\t\t\t<a class=\"elementor-flip-box__button elementor-button elementor-size-sm\" href=\"https:\/\/itshop.si\/?s=grp260&#038;product_cat=&#038;post_type=product\" target=\"_blank\">\n\t\t\t\t\t\t\tVe\u010d informacij\t\t\t\t\t\t<\/a>\n\t\t\t\t\t\t\t\t<\/div>\n\t\t<\/div>\n\t\t<\/div>\n\t\t<\/div>\n\t\t\t\t\t\t<\/div>\n\t\t\t\t<\/div>\n\t\t\t\t<div class=\"elementor-element elementor-element-82c5c67 elementor-flip-box--effect-flip elementor-flip-box--direction-up elementor-widget elementor-widget-flip-box\" data-id=\"82c5c67\" data-element_type=\"widget\" data-e-type=\"widget\" data-widget_type=\"flip-box.default\">\n\t\t\t\t<div class=\"elementor-widget-container\">\n\t\t\t\t\t\t\t<div class=\"elementor-flip-box\" tabindex=\"0\">\n\t\t\t<div class=\"elementor-flip-box__layer elementor-flip-box__front\">\n\t\t\t\t<div class=\"elementor-flip-box__layer__overlay\">\n\t\t\t\t\t<div class=\"elementor-flip-box__layer__inner\">\n\t\t\t\t\t\t\n\t\t\t\t\t\t\t\t\t\t\t\t\t<h3 class=\"elementor-flip-box__layer__title\">\n\t\t\t\t\t\t\t\tIP telefoni srednjega ranga\t\t\t\t\t\t\t<\/h3>\n\t\t\t\t\t\t\n\t\t\t\t\t\t\t\t\t\t\t<\/div>\n\t\t\t\t<\/div>\n\t\t\t<\/div>\n\t\t\t<div class=\"elementor-flip-box__layer elementor-flip-box__back\">\n\t\t\t<div class=\"elementor-flip-box__layer__overlay\">\n\t\t\t\t<div class=\"elementor-flip-box__layer__inner\">\n\t\t\t\t\t\t\t\t\t\t\t<h3 class=\"elementor-flip-box__layer__title\">\n\t\t\t\t\t\t\tIP telefoni srednjega ranga\t\t\t\t\t\t<\/h3>\n\t\t\t\t\t\n\t\t\t\t\t\t\t\t\t\t\t<div class=\"elementor-flip-box__layer__description\">\n\t\t\t\t\t\t\tGRP261X serija IP telefonov srednjega ranga je predvsem namenjena za podjetja v razvoju in rasto\u010da podjetja. Ti stilsko oblikovani telefoni vsebujejo srednje-razredne funkcije in kapacitete, s katerimi lahko va\u0161e podjetje raste in se razvija, obenem pa zaradi ugodnih cen tudi var\u010duje, kar je v fazi rasti za vas tudi najbolj pomembno. GRP261X serija je popoln dodatek kateremukoli poslovnemu namizju, zahvaljujo\u010d njegovi elegantni in napredni obliki.\t\t\t\t\t\t<\/div>\n\t\t\t\t\t\n\t\t\t\t\t\t\t\t\t\t\t<a class=\"elementor-flip-box__button elementor-button elementor-size-sm\" href=\"https:\/\/itshop.si\/?s=GRP261&#038;product_cat=&#038;post_type=product\" target=\"_blank\">\n\t\t\t\t\t\t\tVe\u010d informacij\t\t\t\t\t\t<\/a>\n\t\t\t\t\t\t\t\t<\/div>\n\t\t<\/div>\n\t\t<\/div>\n\t\t<\/div>\n\t\t\t\t\t\t<\/div>\n\t\t\t\t<\/div>\n\t\t\t\t\t<\/div>\n\t\t<\/div>\n\t\t\t\t<div class=\"elementor-column elementor-col-50 elementor-top-column elementor-element elementor-element-9e9235f\" data-id=\"9e9235f\" data-element_type=\"column\" data-e-type=\"column\">\n\t\t\t<div class=\"elementor-widget-wrap elementor-element-populated\">\n\t\t\t\t\t\t<div class=\"elementor-element elementor-element-d0da3de elementor-flip-box--effect-flip elementor-flip-box--direction-up elementor-widget elementor-widget-flip-box\" data-id=\"d0da3de\" data-element_type=\"widget\" data-e-type=\"widget\" data-widget_type=\"flip-box.default\">\n\t\t\t\t<div class=\"elementor-widget-container\">\n\t\t\t\t\t\t\t<div class=\"elementor-flip-box\" tabindex=\"0\">\n\t\t\t<div class=\"elementor-flip-box__layer elementor-flip-box__front\">\n\t\t\t\t<div class=\"elementor-flip-box__layer__overlay\">\n\t\t\t\t\t<div class=\"elementor-flip-box__layer__inner\">\n\t\t\t\t\t\t\n\t\t\t\t\t\t\t\t\t\t\t\t\t<h3 class=\"elementor-flip-box__layer__title\">\n\t\t\t\t\t\t\t\tRaz\u0161iritveni moduli\t\t\t\t\t\t\t<\/h3>\n\t\t\t\t\t\t\n\t\t\t\t\t\t\t\t\t\t\t<\/div>\n\t\t\t\t<\/div>\n\t\t\t<\/div>\n\t\t\t<div class=\"elementor-flip-box__layer elementor-flip-box__back\">\n\t\t\t<div class=\"elementor-flip-box__layer__overlay\">\n\t\t\t\t<div class=\"elementor-flip-box__layer__inner\">\n\t\t\t\t\t\t\t\t\t\t\t<h3 class=\"elementor-flip-box__layer__title\">\n\t\t\t\t\t\t\tRaz\u0161iritveni moduli\t\t\t\t\t\t<\/h3>\n\t\t\t\t\t\n\t\t\t\t\t\t\t\t\t\t\t<div class=\"elementor-flip-box__layer__description\">\n\t\t\t\t\t\t\tGBX20 je LCD raz\u0161iritveni modul, ki dodaja do 20 dvobarvnih tipk za hitro klicanje(speed-dial) in prikaz stanja zasedenosti (BLF) na modelih GRP2615, GRP2624. Ta modul nudi enostavno namestitev in je idealna re\u0161itev za receptorje, direktorje in vse, ki se pri svojem delu sre\u010dujejo z velikim obsegom telefonskih klicev.\t\t\t\t\t\t<\/div>\n\t\t\t\t\t\n\t\t\t\t\t\t\t\t\t\t\t<a class=\"elementor-flip-box__button elementor-button elementor-size-sm\" href=\"https:\/\/itshop.si\/izdelek\/dodatno-polje-tipk-grandstream-gbx20\/\" target=\"_blank\">\n\t\t\t\t\t\t\tVe\u010d informacij\t\t\t\t\t\t<\/a>\n\t\t\t\t\t\t\t\t<\/div>\n\t\t<\/div>\n\t\t<\/div>\n\t\t<\/div>\n\t\t\t\t\t\t<\/div>\n\t\t\t\t<\/div>\n\t\t\t\t<div class=\"elementor-element elementor-element-e825134 elementor-flip-box--effect-flip elementor-flip-box--direction-up elementor-widget elementor-widget-flip-box\" data-id=\"e825134\" data-element_type=\"widget\" data-e-type=\"widget\" data-widget_type=\"flip-box.default\">\n\t\t\t\t<div class=\"elementor-widget-container\">\n\t\t\t\t\t\t\t<div class=\"elementor-flip-box\" tabindex=\"0\">\n\t\t\t<div class=\"elementor-flip-box__layer elementor-flip-box__front\">\n\t\t\t\t<div class=\"elementor-flip-box__layer__overlay\">\n\t\t\t\t\t<div class=\"elementor-flip-box__layer__inner\">\n\t\t\t\t\t\t\n\t\t\t\t\t\t\t\t\t\t\t\t\t<h3 class=\"elementor-flip-box__layer__title\">\n\t\t\t\t\t\t\t\tSoftphone aplikacija\t\t\t\t\t\t\t<\/h3>\n\t\t\t\t\t\t\n\t\t\t\t\t\t\t\t\t\t\t<\/div>\n\t\t\t\t<\/div>\n\t\t\t<\/div>\n\t\t\t<div class=\"elementor-flip-box__layer elementor-flip-box__back\">\n\t\t\t<div class=\"elementor-flip-box__layer__overlay\">\n\t\t\t\t<div class=\"elementor-flip-box__layer__inner\">\n\t\t\t\t\t\t\t\t\t\t\t<h3 class=\"elementor-flip-box__layer__title\">\n\t\t\t\t\t\t\tSoftphone aplikacija\t\t\t\t\t\t<\/h3>\n\t\t\t\t\t\n\t\t\t\t\t\t\t\t\t\t\t<div class=\"elementor-flip-box__layer__description\">\n\t\t\t\t\t\t\tGrandstream Wave je brezpla\u010dna \u00bbsoftphone\u00ab aplikacija, ki uporabnikom omogo\u010da vzpostavljanje in sprejemanje glasovnih klicev z najve\u010d 6 razli\u010dnih poslovnih ali stanovanjskih SIP ra\u010dunov na katerikoli Android TM napravi kjerkoli na svetu.\t\t\t\t\t\t<\/div>\n\t\t\t\t\t\n\t\t\t\t\t\t\t\t\t\t\t<a class=\"elementor-flip-box__button elementor-button elementor-size-sm\" href=\"https:\/\/www.pse.si\/sl\/wave\/\" target=\"_blank\">\n\t\t\t\t\t\t\tVe\u010d informacij\t\t\t\t\t\t<\/a>\n\t\t\t\t\t\t\t\t<\/div>\n\t\t<\/div>\n\t\t<\/div>\n\t\t<\/div>\n\t\t\t\t\t\t<\/div>\n\t\t\t\t<\/div>\n\t\t\t\t<div class=\"elementor-element elementor-element-bc2f105 elementor-flip-box--effect-flip elementor-flip-box--direction-up elementor-widget elementor-widget-flip-box\" data-id=\"bc2f105\" data-element_type=\"widget\" data-e-type=\"widget\" data-widget_type=\"flip-box.default\">\n\t\t\t\t<div class=\"elementor-widget-container\">\n\t\t\t\t\t\t\t<div class=\"elementor-flip-box\" tabindex=\"0\">\n\t\t\t<div class=\"elementor-flip-box__layer elementor-flip-box__front\">\n\t\t\t\t<div class=\"elementor-flip-box__layer__overlay\">\n\t\t\t\t\t<div class=\"elementor-flip-box__layer__inner\">\n\t\t\t\t\t\t\n\t\t\t\t\t\t\t\t\t\t\t\t\t<h3 class=\"elementor-flip-box__layer__title\">\n\t\t\t\t\t\t\t\tWiFi telefoni\t\t\t\t\t\t\t<\/h3>\n\t\t\t\t\t\t\n\t\t\t\t\t\t\t\t\t\t\t<\/div>\n\t\t\t\t<\/div>\n\t\t\t<\/div>\n\t\t\t<div class=\"elementor-flip-box__layer elementor-flip-box__back\">\n\t\t\t<div class=\"elementor-flip-box__layer__overlay\">\n\t\t\t\t<div class=\"elementor-flip-box__layer__inner\">\n\t\t\t\t\t\t\t\t\t\t\t<h3 class=\"elementor-flip-box__layer__title\">\n\t\t\t\t\t\t\tWiFi telefoni\t\t\t\t\t\t<\/h3>\n\t\t\t\t\t\n\t\t\t\t\t\t\t\t\t\t\t<div class=\"elementor-flip-box__layer__description\">\n\t\t\t\t\t\t\tBrezvrvi\u010dni aparat WP8XX je idealna izbira za vsa okolja, kjer je zahtevana WiFi mobilnost. Zmogljiva naprava, ki jo je mo\u017eno povezati z naglavnimi slu\u0161alkami in mobilnimi telefoni s pomo\u010djo Bluetooth povezave. HD kakovost govora in dvojni mikrofoni zagotavljajo kristalno jasen pogovor, ki lahko traja do 7,5 ur pri polni bateriji. WP8XX je najbolj\u0161a izbira za vse potrebe brezvrvi\u010dne telefonije.\t\t\t\t\t\t<\/div>\n\t\t\t\t\t\n\t\t\t\t\t\t\t\t\t\t\t<a class=\"elementor-flip-box__button elementor-button elementor-size-sm\" href=\"https:\/\/itshop.si\/?s=wp8&#038;product_cat=&#038;post_type=product\" target=\"_blank\">\n\t\t\t\t\t\t\tVe\u010d informacij\t\t\t\t\t\t<\/a>\n\t\t\t\t\t\t\t\t<\/div>\n\t\t<\/div>\n\t\t<\/div>\n\t\t<\/div>\n\t\t\t\t\t\t<\/div>\n\t\t\t\t<\/div>\n\t\t\t\t\t<\/div>\n\t\t<\/div>\n\t\t\t\t\t<\/div>\n\t\t<\/section>\n\t\t\t\t<\/div>\n\t\t","protected":false},"excerpt":{"rendered":"<p>IP telefonski aparati IP telefoni za poslovne uporabnike IP telefoni za poslovne uporabnike Naredite ve\u010d, opravite ve\u010d telefonskih klicev in [&hellip;]<\/p>\n","protected":false},"author":1,"featured_media":0,"parent":0,"menu_order":0,"comment_status":"closed","ping_status":"closed","template":"","meta":{"_acf_changed":false,"_lmt_disableupdate":"no","_lmt_disable":"","_monsterinsights_skip_tracking":false,"_monsterinsights_sitenote_active":false,"_monsterinsights_sitenote_note":"","_monsterinsights_sitenote_category":0,"site-sidebar-layout":"default","site-content-layout":"","ast-site-content-layout":"default","site-content-style":"default","site-sidebar-style":"default","ast-global-header-display":"","ast-banner-title-visibility":"","ast-main-header-display":"","ast-hfb-above-header-display":"","ast-hfb-below-header-display":"","ast-hfb-mobile-header-display":"","site-post-title":"","ast-breadcrumbs-content":"","ast-featured-img":"","footer-sml-layout":"","ast-disable-related-posts":"","theme-transparent-header-meta":"","adv-header-id-meta":"","stick-header-meta":"","header-above-stick-meta":"","header-main-stick-meta":"","header-below-stick-meta":"","astra-migrate-meta-layouts":"default","ast-page-background-enabled":"default","ast-page-background-meta":{"desktop":{"background-color":"var(--ast-global-color-5)","background-image":"","background-repeat":"repeat","background-position":"center center","background-size":"auto","background-attachment":"scroll","background-type":"","background-media":"","overlay-type":"","overlay-color":"","overlay-opacity":"","overlay-gradient":""},"tablet":{"background-color":"","background-image":"","background-repeat":"repeat","background-position":"center center","background-size":"auto","background-attachment":"scroll","background-type":"","background-media":"","overlay-type":"","overlay-color":"","overlay-opacity":"","overlay-gradient":""},"mobile":{"background-color":"","background-image":"","background-repeat":"repeat","background-position":"center center","background-size":"auto","background-attachment":"scroll","background-type":"","background-media":"","overlay-type":"","overlay-color":"","overlay-opacity":"","overlay-gradient":""}},"ast-content-background-meta":{"desktop":{"background-color":"var(--ast-global-color-4)","background-image":"","background-repeat":"repeat","background-position":"center center","background-size":"auto","background-attachment":"scroll","background-type":"","background-media":"","overlay-type":"","overlay-color":"","overlay-opacity":"","overlay-gradient":""},"tablet":{"background-color":"var(--ast-global-color-4)","background-image":"","background-repeat":"repeat","background-position":"center center","background-size":"auto","background-attachment":"scroll","background-type":"","background-media":"","overlay-type":"","overlay-color":"","overlay-opacity":"","overlay-gradient":""},"mobile":{"background-color":"var(--ast-global-color-4)","background-image":"","background-repeat":"repeat","background-position":"center center","background-size":"auto","background-attachment":"scroll","background-type":"","background-media":"","overlay-type":"","overlay-color":"","overlay-opacity":"","overlay-gradient":""}},"footnotes":""},"class_list":["post-2536","page","type-page","status-publish","hentry"],"acf":[],"yoast_head":"<!-- This site is optimized with the Yoast SEO Premium plugin v26.1 (Yoast SEO v26.1.1) - https:\/\/yoast.com\/wordpress\/plugins\/seo\/ -->\n<title>IP telefonski aparati Grandstream - PSE spletna stran<\/title>\n<meta name=\"description\" content=\"IP telefonski aparati Grandstream vseh nivojev in funkcionalnosti. Velik nabor modelov za zadovoljitev \u0161e tako zahtevnih strank.\" \/>\n<meta name=\"robots\" content=\"index, follow, max-snippet:-1, max-image-preview:large, max-video-preview:-1\" \/>\n<link rel=\"canonical\" href=\"https:\/\/www.pse.si\/sl\/ip-telefonski-aparati-grandstream\/\" \/>\n<meta property=\"og:locale\" content=\"sl_SI\" \/>\n<meta property=\"og:type\" content=\"article\" \/>\n<meta property=\"og:title\" content=\"IP telefonski aparati Grandstream\" \/>\n<meta property=\"og:description\" content=\"IP telefonski aparati Grandstream vseh nivojev in funkcionalnosti. Velik nabor modelov za zadovoljitev \u0161e tako zahtevnih strank.\" \/>\n<meta property=\"og:url\" content=\"https:\/\/www.pse.si\/sl\/ip-telefonski-aparati-grandstream\/\" \/>\n<meta property=\"og:site_name\" content=\"PSE spletna stran\" \/>\n<meta property=\"article:publisher\" content=\"https:\/\/www.linkedin.com\/company\/pse-poslovne-komunikacije-d-o-o-\/?viewAsMember=true\" \/>\n<meta property=\"article:modified_time\" content=\"2026-03-23T17:14:34+00:00\" \/>\n<meta name=\"twitter:card\" content=\"summary_large_image\" \/>\n<meta name=\"twitter:label1\" content=\"Est. reading time\" \/>\n\t<meta name=\"twitter:data1\" content=\"2 minuti\" \/>\n<script type=\"application\/ld+json\" class=\"yoast-schema-graph\">{\"@context\":\"https:\/\/schema.org\",\"@graph\":[{\"@type\":\"WebPage\",\"@id\":\"https:\/\/www.pse.si\/sl\/ip-telefonski-aparati-grandstream\/\",\"url\":\"https:\/\/www.pse.si\/sl\/ip-telefonski-aparati-grandstream\/\",\"name\":\"IP telefonski aparati Grandstream - PSE spletna stran\",\"isPartOf\":{\"@id\":\"https:\/\/www.pse.si\/sl\/#website\"},\"datePublished\":\"2022-06-20T09:00:38+00:00\",\"dateModified\":\"2026-03-23T17:14:34+00:00\",\"description\":\"IP telefonski aparati Grandstream vseh nivojev in funkcionalnosti. Velik nabor modelov za zadovoljitev \u0161e tako zahtevnih strank.\",\"breadcrumb\":{\"@id\":\"https:\/\/www.pse.si\/sl\/ip-telefonski-aparati-grandstream\/#breadcrumb\"},\"inLanguage\":\"sl-SI\",\"potentialAction\":[{\"@type\":\"ReadAction\",\"target\":[\"https:\/\/www.pse.si\/sl\/ip-telefonski-aparati-grandstream\/\"]}]},{\"@type\":\"BreadcrumbList\",\"@id\":\"https:\/\/www.pse.si\/sl\/ip-telefonski-aparati-grandstream\/#breadcrumb\",\"itemListElement\":[{\"@type\":\"ListItem\",\"position\":1,\"name\":\"Home\",\"item\":\"https:\/\/www.pse.si\/sl\/\"},{\"@type\":\"ListItem\",\"position\":2,\"name\":\"IP telefonski aparati Grandstream\"}]},{\"@type\":\"WebSite\",\"@id\":\"https:\/\/www.pse.si\/sl\/#website\",\"url\":\"https:\/\/www.pse.si\/sl\/\",\"name\":\"PSE spletna stran\",\"description\":\"Sodobne telekomunikacijske re\u0161itve\",\"publisher\":{\"@id\":\"https:\/\/www.pse.si\/sl\/#organization\"},\"potentialAction\":[{\"@type\":\"SearchAction\",\"target\":{\"@type\":\"EntryPoint\",\"urlTemplate\":\"https:\/\/www.pse.si\/sl\/?s={search_term_string}\"},\"query-input\":{\"@type\":\"PropertyValueSpecification\",\"valueRequired\":true,\"valueName\":\"search_term_string\"}}],\"inLanguage\":\"sl-SI\"},{\"@type\":\"Organization\",\"@id\":\"https:\/\/www.pse.si\/sl\/#organization\",\"name\":\"PSE d.o.o.\",\"url\":\"https:\/\/www.pse.si\/sl\/\",\"logo\":{\"@type\":\"ImageObject\",\"inLanguage\":\"sl-SI\",\"@id\":\"https:\/\/www.pse.si\/sl\/#\/schema\/logo\/image\/\",\"url\":\"https:\/\/www.pse.si\/sl\/wp-content\/uploads\/sites\/2\/2022\/06\/PSE-logo-www-270px.webp\",\"contentUrl\":\"https:\/\/www.pse.si\/sl\/wp-content\/uploads\/sites\/2\/2022\/06\/PSE-logo-www-270px.webp\",\"width\":270,\"height\":111,\"caption\":\"PSE d.o.o.\"},\"image\":{\"@id\":\"https:\/\/www.pse.si\/sl\/#\/schema\/logo\/image\/\"},\"sameAs\":[\"https:\/\/www.linkedin.com\/company\/pse-poslovne-komunikacije-d-o-o-\/?viewAsMember=true\"]}]}<\/script>\n<!-- \/ Yoast SEO Premium plugin. -->","yoast_head_json":{"title":"IP telefonski aparati Grandstream - PSE spletna stran","description":"IP telefonski aparati Grandstream vseh nivojev in funkcionalnosti. Velik nabor modelov za zadovoljitev \u0161e tako zahtevnih strank.","robots":{"index":"index","follow":"follow","max-snippet":"max-snippet:-1","max-image-preview":"max-image-preview:large","max-video-preview":"max-video-preview:-1"},"canonical":"https:\/\/www.pse.si\/sl\/ip-telefonski-aparati-grandstream\/","og_locale":"sl_SI","og_type":"article","og_title":"IP telefonski aparati Grandstream","og_description":"IP telefonski aparati Grandstream vseh nivojev in funkcionalnosti. Velik nabor modelov za zadovoljitev \u0161e tako zahtevnih strank.","og_url":"https:\/\/www.pse.si\/sl\/ip-telefonski-aparati-grandstream\/","og_site_name":"PSE spletna stran","article_publisher":"https:\/\/www.linkedin.com\/company\/pse-poslovne-komunikacije-d-o-o-\/?viewAsMember=true","article_modified_time":"2026-03-23T17:14:34+00:00","twitter_card":"summary_large_image","twitter_misc":{"Est. reading time":"2 minuti"},"schema":{"@context":"https:\/\/schema.org","@graph":[{"@type":"WebPage","@id":"https:\/\/www.pse.si\/sl\/ip-telefonski-aparati-grandstream\/","url":"https:\/\/www.pse.si\/sl\/ip-telefonski-aparati-grandstream\/","name":"IP telefonski aparati Grandstream - PSE spletna stran","isPartOf":{"@id":"https:\/\/www.pse.si\/sl\/#website"},"datePublished":"2022-06-20T09:00:38+00:00","dateModified":"2026-03-23T17:14:34+00:00","description":"IP telefonski aparati Grandstream vseh nivojev in funkcionalnosti. Velik nabor modelov za zadovoljitev \u0161e tako zahtevnih strank.","breadcrumb":{"@id":"https:\/\/www.pse.si\/sl\/ip-telefonski-aparati-grandstream\/#breadcrumb"},"inLanguage":"sl-SI","potentialAction":[{"@type":"ReadAction","target":["https:\/\/www.pse.si\/sl\/ip-telefonski-aparati-grandstream\/"]}]},{"@type":"BreadcrumbList","@id":"https:\/\/www.pse.si\/sl\/ip-telefonski-aparati-grandstream\/#breadcrumb","itemListElement":[{"@type":"ListItem","position":1,"name":"Home","item":"https:\/\/www.pse.si\/sl\/"},{"@type":"ListItem","position":2,"name":"IP telefonski aparati Grandstream"}]},{"@type":"WebSite","@id":"https:\/\/www.pse.si\/sl\/#website","url":"https:\/\/www.pse.si\/sl\/","name":"PSE spletna stran","description":"Sodobne telekomunikacijske re\u0161itve","publisher":{"@id":"https:\/\/www.pse.si\/sl\/#organization"},"potentialAction":[{"@type":"SearchAction","target":{"@type":"EntryPoint","urlTemplate":"https:\/\/www.pse.si\/sl\/?s={search_term_string}"},"query-input":{"@type":"PropertyValueSpecification","valueRequired":true,"valueName":"search_term_string"}}],"inLanguage":"sl-SI"},{"@type":"Organization","@id":"https:\/\/www.pse.si\/sl\/#organization","name":"PSE d.o.o.","url":"https:\/\/www.pse.si\/sl\/","logo":{"@type":"ImageObject","inLanguage":"sl-SI","@id":"https:\/\/www.pse.si\/sl\/#\/schema\/logo\/image\/","url":"https:\/\/www.pse.si\/sl\/wp-content\/uploads\/sites\/2\/2022\/06\/PSE-logo-www-270px.webp","contentUrl":"https:\/\/www.pse.si\/sl\/wp-content\/uploads\/sites\/2\/2022\/06\/PSE-logo-www-270px.webp","width":270,"height":111,"caption":"PSE d.o.o."},"image":{"@id":"https:\/\/www.pse.si\/sl\/#\/schema\/logo\/image\/"},"sameAs":["https:\/\/www.linkedin.com\/company\/pse-poslovne-komunikacije-d-o-o-\/?viewAsMember=true"]}]}},"_links":{"self":[{"href":"https:\/\/www.pse.si\/sl\/wp-json\/wp\/v2\/pages\/2536","targetHints":{"allow":["GET"]}}],"collection":[{"href":"https:\/\/www.pse.si\/sl\/wp-json\/wp\/v2\/pages"}],"about":[{"href":"https:\/\/www.pse.si\/sl\/wp-json\/wp\/v2\/types\/page"}],"author":[{"embeddable":true,"href":"https:\/\/www.pse.si\/sl\/wp-json\/wp\/v2\/users\/1"}],"replies":[{"embeddable":true,"href":"https:\/\/www.pse.si\/sl\/wp-json\/wp\/v2\/comments?post=2536"}],"version-history":[{"count":44,"href":"https:\/\/www.pse.si\/sl\/wp-json\/wp\/v2\/pages\/2536\/revisions"}],"predecessor-version":[{"id":7536,"href":"https:\/\/www.pse.si\/sl\/wp-json\/wp\/v2\/pages\/2536\/revisions\/7536"}],"wp:attachment":[{"href":"https:\/\/www.pse.si\/sl\/wp-json\/wp\/v2\/media?parent=2536"}],"curies":[{"name":"wp","href":"https:\/\/api.w.org\/{rel}","templated":true}]}}