{"id":6887,"date":"2025-12-02T09:36:26","date_gmt":"2025-12-02T09:36:26","guid":{"rendered":"https:\/\/www.pse.si\/sl\/?page_id=6887"},"modified":"2026-03-23T17:17:21","modified_gmt":"2026-03-23T17:17:21","slug":"omrezna-stikala-grandstream","status":"publish","type":"page","link":"https:\/\/www.pse.si\/sl\/omrezna-stikala-grandstream\/","title":{"rendered":"Omre\u017ena stikala Grandstream"},"content":{"rendered":"\t\t<div data-elementor-type=\"wp-page\" data-elementor-id=\"6887\" class=\"elementor elementor-6887\" data-elementor-settings=\"{&quot;ha_cmc_init_switcher&quot;:&quot;no&quot;}\" data-elementor-post-type=\"page\">\n\t\t\t\t\t\t<section class=\"elementor-section elementor-top-section elementor-element elementor-element-c6c4cd8 elementor-section-full_width elementor-section-height-min-height elementor-section-stretched elementor-section-height-default elementor-section-items-middle\" data-id=\"c6c4cd8\" data-element_type=\"section\" data-e-type=\"section\" data-settings=\"{&quot;stretch_section&quot;:&quot;section-stretched&quot;,&quot;background_background&quot;:&quot;classic&quot;,&quot;_ha_eqh_enable&quot;:false}\">\n\t\t\t\t\t\t<div class=\"elementor-container elementor-column-gap-default\">\n\t\t\t\t\t<div class=\"elementor-column elementor-col-100 elementor-top-column elementor-element elementor-element-1623531\" data-id=\"1623531\" data-element_type=\"column\" data-e-type=\"column\">\n\t\t\t<div class=\"elementor-widget-wrap\">\n\t\t\t\t\t\t\t<\/div>\n\t\t<\/div>\n\t\t\t\t\t<\/div>\n\t\t<\/section>\n\t\t\t\t<section class=\"elementor-section elementor-top-section elementor-element elementor-element-385d61a elementor-section-boxed elementor-section-height-default elementor-section-height-default\" data-id=\"385d61a\" data-element_type=\"section\" data-e-type=\"section\" data-settings=\"{&quot;_ha_eqh_enable&quot;:false}\">\n\t\t\t\t\t\t<div class=\"elementor-container elementor-column-gap-default\">\n\t\t\t\t\t<div class=\"elementor-column elementor-col-100 elementor-top-column elementor-element elementor-element-3ba8115\" data-id=\"3ba8115\" data-element_type=\"column\" data-e-type=\"column\">\n\t\t\t<div class=\"elementor-widget-wrap elementor-element-populated\">\n\t\t\t\t\t\t<div class=\"elementor-element elementor-element-4d4a61f elementor-widget elementor-widget-text-editor\" data-id=\"4d4a61f\" data-element_type=\"widget\" data-e-type=\"widget\" data-widget_type=\"text-editor.default\">\n\t\t\t\t<div class=\"elementor-widget-container\">\n\t\t\t\t\t\t\t\t\t<h3 class=\"sppb-addon-title\">Omre\u017ena stikala Grandstream<\/h3><div class=\"sppb-addon-content\"><p class=\"p1\">Omre\u017ena stikala podjetja Grandstream omogo\u010dajo izgradnjo zmogljivih in varnih omre\u017eij z velikim naborom funkcionalnosti. Ta stikala se pona\u0161ajo z izjemnimi mo\u017enostmi za konfiguracijo in upravljanje zahvaljujo\u010d vgrajenem upravljavskem okolju in mo\u017enostjo brezpla\u010dnega lokalnega nadzornega sistema ali upravljanja iz oblaka. Vse mo\u017enosti za konfiguracijo in upravljanje so strankam na voljo brezpla\u010dno. Izdelki iz dru\u017eine GWN vklju\u010dujejo tudi zmogljive dostopne to\u010dke Wi-Fi kot tudi dovr\u0161ene usmerjevalnike, kar omogo\u010da izgradnjo celovitih omre\u017enih re\u0161itev. Za vso omre\u017eno opremo Grandstream je zagotovljena 3-letna garancija.<\/p><\/div>\t\t\t\t\t\t\t\t<\/div>\n\t\t\t\t<\/div>\n\t\t\t\t\t<\/div>\n\t\t<\/div>\n\t\t\t\t\t<\/div>\n\t\t<\/section>\n\t\t<div class=\"elementor-element elementor-element-69f51fa e-grid e-con-boxed e-con e-parent\" data-id=\"69f51fa\" data-element_type=\"container\" data-e-type=\"container\" data-settings=\"{&quot;_ha_eqh_enable&quot;:false}\">\n\t\t\t\t\t<div class=\"e-con-inner\">\n\t\t\t\t<div class=\"elementor-element elementor-element-ca564e5 elementor-flip-box--direction-left elementor-flip-box--effect-flip elementor-widget elementor-widget-flip-box\" data-id=\"ca564e5\" data-element_type=\"widget\" data-e-type=\"widget\" data-widget_type=\"flip-box.default\">\n\t\t\t\t<div class=\"elementor-widget-container\">\n\t\t\t\t\t\t\t<div class=\"elementor-flip-box\" tabindex=\"0\">\n\t\t\t<div class=\"elementor-flip-box__layer elementor-flip-box__front\">\n\t\t\t\t<div class=\"elementor-flip-box__layer__overlay\">\n\t\t\t\t\t<div class=\"elementor-flip-box__layer__inner\">\n\t\t\t\t\t\t\n\t\t\t\t\t\t\t\t\t\t\t\t\t<h3 class=\"elementor-flip-box__layer__title\">\n\t\t\t\t\t\t\t\tNeupravljana stikala\t\t\t\t\t\t\t<\/h3>\n\t\t\t\t\t\t\n\t\t\t\t\t\t\t\t\t\t\t<\/div>\n\t\t\t\t<\/div>\n\t\t\t<\/div>\n\t\t\t<div class=\"elementor-flip-box__layer elementor-flip-box__back\">\n\t\t\t<div class=\"elementor-flip-box__layer__overlay\">\n\t\t\t\t<div class=\"elementor-flip-box__layer__inner\">\n\t\t\t\t\t\t\t\t\t\t\t<h3 class=\"elementor-flip-box__layer__title\">\n\t\t\t\t\t\t\tGWN7700\t\t\t\t\t\t<\/h3>\n\t\t\t\t\t\n\t\t\t\t\t\t\t\t\t\t\t<div class=\"elementor-flip-box__layer__description\">\n\t\t\t\t\t\t\tGWN7700 so neupravljana omre\u017ena stikala, nekateri izmed modelov zagotavljajo tudi PoE funkcionalnost. Ta stikala omogo\u010dajo izgradnjo hitrih in stro\u0161kovno u\u010dinkovitih omre\u017eij za doma\u010de pisarne ter majhna in srednje velika podjetja. Ta stikala ne zahtevajo nobene konfiguracije ali namestitve in so primerna za namestitev na mizo ali na steno.\t\t\t\t\t\t<\/div>\n\t\t\t\t\t\n\t\t\t\t\t\t\t\t\t\t\t<a class=\"elementor-flip-box__button elementor-button elementor-size-xs\" href=\"https:\/\/www.pse.si\/sl\/neupravljana-omrezna-stikala-grandstream\/\">\n\t\t\t\t\t\t\t&gt;\t\t\t\t\t\t<\/a>\n\t\t\t\t\t\t\t\t<\/div>\n\t\t<\/div>\n\t\t<\/div>\n\t\t<\/div>\n\t\t\t\t\t\t<\/div>\n\t\t\t\t<\/div>\n\t\t\t\t<div class=\"elementor-element elementor-element-9ca8f11 elementor-flip-box--direction-left elementor-flip-box--effect-flip elementor-widget elementor-widget-flip-box\" data-id=\"9ca8f11\" data-element_type=\"widget\" data-e-type=\"widget\" data-widget_type=\"flip-box.default\">\n\t\t\t\t<div class=\"elementor-widget-container\">\n\t\t\t\t\t\t\t<div class=\"elementor-flip-box\" tabindex=\"0\">\n\t\t\t<div class=\"elementor-flip-box__layer elementor-flip-box__front\">\n\t\t\t\t<div class=\"elementor-flip-box__layer__overlay\">\n\t\t\t\t\t<div class=\"elementor-flip-box__layer__inner\">\n\t\t\t\t\t\t\n\t\t\t\t\t\t\t\t\t\t\t\t\t<h3 class=\"elementor-flip-box__layer__title\">\n\t\t\t\t\t\t\t\tUpravljana stikala plasti 2+\t\t\t\t\t\t\t<\/h3>\n\t\t\t\t\t\t\n\t\t\t\t\t\t\t\t\t\t\t<\/div>\n\t\t\t\t<\/div>\n\t\t\t<\/div>\n\t\t\t<div class=\"elementor-flip-box__layer elementor-flip-box__back\">\n\t\t\t<div class=\"elementor-flip-box__layer__overlay\">\n\t\t\t\t<div class=\"elementor-flip-box__layer__inner\">\n\t\t\t\t\t\t\t\t\t\t\t<h3 class=\"elementor-flip-box__layer__title\">\n\t\t\t\t\t\t\tGWN7800\t\t\t\t\t\t<\/h3>\n\t\t\t\t\t\n\t\t\t\t\t\t\t\t\t\t\t<div class=\"elementor-flip-box__layer__description\">\n\t\t\t\t\t\t\tDru\u017eino upravljanih omre\u017enih stikal GWN7800 sestavljajo Layer2+ stikala, ki majhnim in srednje velikim podjetjem omogo\u010dajo izgradnjo raz\u0161irljivih, varnih, visoko zmogljivih  poslovnih omre\u017eij, ki so v celoti centralno upravljana. Podpora za napredne VLAN funkcionalnosti omogo\u010da prilagodljivo in sofisticirano segmentacijo prometa. Stikala podpirajo tudi celovit nabor varnostnih funkcij.\t\t\t\t\t\t<\/div>\n\t\t\t\t\t\n\t\t\t\t\t\t\t\t\t\t\t<a class=\"elementor-flip-box__button elementor-button elementor-size-xs\" href=\"https:\/\/www.pse.si\/sl\/upravljana-omrezna-stikala\/\">\n\t\t\t\t\t\t\t&gt;\t\t\t\t\t\t<\/a>\n\t\t\t\t\t\t\t\t<\/div>\n\t\t<\/div>\n\t\t<\/div>\n\t\t<\/div>\n\t\t\t\t\t\t<\/div>\n\t\t\t\t<\/div>\n\t\t\t\t<div class=\"elementor-element elementor-element-fb0d508 elementor-flip-box--direction-left elementor-flip-box--effect-flip elementor-widget elementor-widget-flip-box\" data-id=\"fb0d508\" data-element_type=\"widget\" data-e-type=\"widget\" data-widget_type=\"flip-box.default\">\n\t\t\t\t<div class=\"elementor-widget-container\">\n\t\t\t\t\t\t\t<div class=\"elementor-flip-box\" tabindex=\"0\">\n\t\t\t<div class=\"elementor-flip-box__layer elementor-flip-box__front\">\n\t\t\t\t<div class=\"elementor-flip-box__layer__overlay\">\n\t\t\t\t\t<div class=\"elementor-flip-box__layer__inner\">\n\t\t\t\t\t\t\n\t\t\t\t\t\t\t\t\t\t\t\t\t<h3 class=\"elementor-flip-box__layer__title\">\n\t\t\t\t\t\t\t\tUpravljana stikala plasti 2++ Pro\t\t\t\t\t\t\t<\/h3>\n\t\t\t\t\t\t\n\t\t\t\t\t\t\t\t\t\t\t<\/div>\n\t\t\t\t<\/div>\n\t\t\t<\/div>\n\t\t\t<div class=\"elementor-flip-box__layer elementor-flip-box__back\">\n\t\t\t<div class=\"elementor-flip-box__layer__overlay\">\n\t\t\t\t<div class=\"elementor-flip-box__layer__inner\">\n\t\t\t\t\t\t\t\t\t\t\t<h3 class=\"elementor-flip-box__layer__title\">\n\t\t\t\t\t\t\tGWN7800 Pro\t\t\t\t\t\t<\/h3>\n\t\t\t\t\t\n\t\t\t\t\t\t\t\t\t\t\t<div class=\"elementor-flip-box__layer__description\">\n\t\t\t\t\t\t\tStikala GWN7800 Pro so upravljana omre\u017ena stikala Layer 2++ , ki malim in srednje velikim podjetjem omogo\u010dajo\nizgradnjo skalabilnih, varnih in visoko zmogljivih poslovnih omre\u017eij, ki so popolnoma obvladljiva. Ta stikala ponujajo hitra\nSFP ali SFP+ vrata in Gigabit Ethernet vrata na vseh modelih, ki podpirajo zahtevna poslovna omre\u017eja in ponujajo\nzmo\u017enosti preklapljanja do 216 Gbps.\t\t\t\t\t\t<\/div>\n\t\t\t\t\t\n\t\t\t\t\t\t\t\t\t\t\t<a class=\"elementor-flip-box__button elementor-button elementor-size-xs\" href=\"https:\/\/www.pse.si\/sl\/upravljana-omrezna-stikala-layer-2-pro\/\">\n\t\t\t\t\t\t\t&gt;\t\t\t\t\t\t<\/a>\n\t\t\t\t\t\t\t\t<\/div>\n\t\t<\/div>\n\t\t<\/div>\n\t\t<\/div>\n\t\t\t\t\t\t<\/div>\n\t\t\t\t<\/div>\n\t\t\t\t<div class=\"elementor-element elementor-element-2b13bd1 elementor-flip-box--direction-left elementor-flip-box--effect-flip elementor-widget elementor-widget-flip-box\" data-id=\"2b13bd1\" data-element_type=\"widget\" data-e-type=\"widget\" data-widget_type=\"flip-box.default\">\n\t\t\t\t<div class=\"elementor-widget-container\">\n\t\t\t\t\t\t\t<div class=\"elementor-flip-box\" tabindex=\"0\">\n\t\t\t<div class=\"elementor-flip-box__layer elementor-flip-box__front\">\n\t\t\t\t<div class=\"elementor-flip-box__layer__overlay\">\n\t\t\t\t\t<div class=\"elementor-flip-box__layer__inner\">\n\t\t\t\t\t\t\n\t\t\t\t\t\t\t\t\t\t\t\t\t<h3 class=\"elementor-flip-box__layer__title\">\n\t\t\t\t\t\t\t\tUpravljana stikala plasti 3\t\t\t\t\t\t\t<\/h3>\n\t\t\t\t\t\t\n\t\t\t\t\t\t\t\t\t\t\t<\/div>\n\t\t\t\t<\/div>\n\t\t\t<\/div>\n\t\t\t<div class=\"elementor-flip-box__layer elementor-flip-box__back\">\n\t\t\t<div class=\"elementor-flip-box__layer__overlay\">\n\t\t\t\t<div class=\"elementor-flip-box__layer__inner\">\n\t\t\t\t\t\t\t\t\t\t\t<h3 class=\"elementor-flip-box__layer__title\">\n\t\t\t\t\t\t\tGWN7810\t\t\t\t\t\t<\/h3>\n\t\t\t\t\t\n\t\t\t\t\t\t\t\t\t\t\t<div class=\"elementor-flip-box__layer__description\">\n\t\t\t\t\t\t\tDru\u017eino upravljanih omre\u017enih stikal GWN7810 sestavljajo Layer3 stikala, ki srednjim in velikim podjetjem omogo\u010dajo izgradnjo raz\u0161irljivih, varnih, visoko zmogljivih in pametnih poslovnih omre\u017eij, ki so v celoti centralno upravljana. Podpora za napredne VLAN funkcionalnosti omogo\u010da prilagodljivo in sofisticirano segmentacijo prometa. \t\t\t\t\t\t<\/div>\n\t\t\t\t\t\n\t\t\t\t\t\t\t\t\t\t\t<a class=\"elementor-flip-box__button elementor-button elementor-size-xs\" href=\"https:\/\/www.pse.si\/sl\/upravljana-omrezna-stikala-layer-3-grandstream\/\">\n\t\t\t\t\t\t\t&gt;\t\t\t\t\t\t<\/a>\n\t\t\t\t\t\t\t\t<\/div>\n\t\t<\/div>\n\t\t<\/div>\n\t\t<\/div>\n\t\t\t\t\t\t<\/div>\n\t\t\t\t<\/div>\n\t\t\t\t<div class=\"elementor-element elementor-element-98977c4 elementor-flip-box--direction-left elementor-flip-box--effect-flip elementor-widget elementor-widget-flip-box\" data-id=\"98977c4\" data-element_type=\"widget\" data-e-type=\"widget\" data-widget_type=\"flip-box.default\">\n\t\t\t\t<div class=\"elementor-widget-container\">\n\t\t\t\t\t\t\t<div class=\"elementor-flip-box\" tabindex=\"0\">\n\t\t\t<div class=\"elementor-flip-box__layer elementor-flip-box__front\">\n\t\t\t\t<div class=\"elementor-flip-box__layer__overlay\">\n\t\t\t\t\t<div class=\"elementor-flip-box__layer__inner\">\n\t\t\t\t\t\t\n\t\t\t\t\t\t\t\t\t\t\t\t\t<h3 class=\"elementor-flip-box__layer__title\">\n\t\t\t\t\t\t\t\tAgregacijska stikala\t\t\t\t\t\t\t<\/h3>\n\t\t\t\t\t\t\n\t\t\t\t\t\t\t\t\t\t\t<\/div>\n\t\t\t\t<\/div>\n\t\t\t<\/div>\n\t\t\t<div class=\"elementor-flip-box__layer elementor-flip-box__back\">\n\t\t\t<div class=\"elementor-flip-box__layer__overlay\">\n\t\t\t\t<div class=\"elementor-flip-box__layer__inner\">\n\t\t\t\t\t\t\t\t\t\t\t<h3 class=\"elementor-flip-box__layer__title\">\n\t\t\t\t\t\t\tGWN7830\t\t\t\t\t\t<\/h3>\n\t\t\t\t\t\n\t\t\t\t\t\t\t\t\t\t\t<div class=\"elementor-flip-box__layer__description\">\n\t\t\t\t\t\t\tDru\u017eino upravljanih omre\u017enih stikal GWN7830 sestavljajo agregacijska stikala, ki srednjim in velikim podjetjem omogo\u010dajo izgradnjo raz\u0161irljivih, varnih, visoko zmogljivih, popolnoma prepustnih in pametnih poslovnih omre\u017eij, ki so v celoti centralno upravljana. \t\t\t\t\t\t<\/div>\n\t\t\t\t\t\n\t\t\t\t\t\t\t\t\t\t\t<a class=\"elementor-flip-box__button elementor-button elementor-size-xs\" href=\"https:\/\/www.pse.si\/sl\/agregacijska-stikala-layer-3-grandstream\/\">\n\t\t\t\t\t\t\t&gt;\t\t\t\t\t\t<\/a>\n\t\t\t\t\t\t\t\t<\/div>\n\t\t<\/div>\n\t\t<\/div>\n\t\t<\/div>\n\t\t\t\t\t\t<\/div>\n\t\t\t\t<\/div>\n\t\t\t\t\t<\/div>\n\t\t\t\t<\/div>\n\t\t\t\t<\/div>\n\t\t","protected":false},"excerpt":{"rendered":"<p>Omre\u017ena stikala Grandstream Omre\u017ena stikala podjetja Grandstream omogo\u010dajo izgradnjo zmogljivih in varnih omre\u017eij z velikim naborom funkcionalnosti. Ta stikala se [&hellip;]<\/p>\n","protected":false},"author":1,"featured_media":0,"parent":0,"menu_order":0,"comment_status":"closed","ping_status":"closed","template":"","meta":{"_acf_changed":false,"_lmt_disableupdate":"no","_lmt_disable":"","_monsterinsights_skip_tracking":false,"_monsterinsights_sitenote_active":false,"_monsterinsights_sitenote_note":"","_monsterinsights_sitenote_category":0,"site-sidebar-layout":"default","site-content-layout":"","ast-site-content-layout":"default","site-content-style":"default","site-sidebar-style":"default","ast-global-header-display":"","ast-banner-title-visibility":"","ast-main-header-display":"","ast-hfb-above-header-display":"","ast-hfb-below-header-display":"","ast-hfb-mobile-header-display":"","site-post-title":"","ast-breadcrumbs-content":"","ast-featured-img":"","footer-sml-layout":"","ast-disable-related-posts":"","theme-transparent-header-meta":"","adv-header-id-meta":"","stick-header-meta":"","header-above-stick-meta":"","header-main-stick-meta":"","header-below-stick-meta":"","astra-migrate-meta-layouts":"default","ast-page-background-enabled":"default","ast-page-background-meta":{"desktop":{"background-color":"var(--ast-global-color-5)","background-image":"","background-repeat":"repeat","background-position":"center center","background-size":"auto","background-attachment":"scroll","background-type":"","background-media":"","overlay-type":"","overlay-color":"","overlay-opacity":"","overlay-gradient":""},"tablet":{"background-color":"","background-image":"","background-repeat":"repeat","background-position":"center center","background-size":"auto","background-attachment":"scroll","background-type":"","background-media":"","overlay-type":"","overlay-color":"","overlay-opacity":"","overlay-gradient":""},"mobile":{"background-color":"","background-image":"","background-repeat":"repeat","background-position":"center center","background-size":"auto","background-attachment":"scroll","background-type":"","background-media":"","overlay-type":"","overlay-color":"","overlay-opacity":"","overlay-gradient":""}},"ast-content-background-meta":{"desktop":{"background-color":"var(--ast-global-color-4)","background-image":"","background-repeat":"repeat","background-position":"center center","background-size":"auto","background-attachment":"scroll","background-type":"","background-media":"","overlay-type":"","overlay-color":"","overlay-opacity":"","overlay-gradient":""},"tablet":{"background-color":"var(--ast-global-color-4)","background-image":"","background-repeat":"repeat","background-position":"center center","background-size":"auto","background-attachment":"scroll","background-type":"","background-media":"","overlay-type":"","overlay-color":"","overlay-opacity":"","overlay-gradient":""},"mobile":{"background-color":"var(--ast-global-color-4)","background-image":"","background-repeat":"repeat","background-position":"center center","background-size":"auto","background-attachment":"scroll","background-type":"","background-media":"","overlay-type":"","overlay-color":"","overlay-opacity":"","overlay-gradient":""}},"footnotes":""},"class_list":["post-6887","page","type-page","status-publish","hentry"],"acf":[],"yoast_head":"<!-- This site is optimized with the Yoast SEO Premium plugin v26.1 (Yoast SEO v26.1.1) - https:\/\/yoast.com\/wordpress\/plugins\/seo\/ -->\n<title>Omre\u017ena stikala Grandstream - PSE spletna stran<\/title>\n<meta name=\"robots\" content=\"index, follow, max-snippet:-1, max-image-preview:large, max-video-preview:-1\" \/>\n<link rel=\"canonical\" href=\"https:\/\/www.pse.si\/sl\/omrezna-stikala-grandstream\/\" \/>\n<meta property=\"og:locale\" content=\"sl_SI\" \/>\n<meta property=\"og:type\" content=\"article\" \/>\n<meta property=\"og:title\" content=\"Omre\u017ena stikala Grandstream\" \/>\n<meta property=\"og:description\" content=\"Omre\u017ena stikala Grandstream Omre\u017ena stikala podjetja Grandstream omogo\u010dajo izgradnjo zmogljivih in varnih omre\u017eij z velikim naborom funkcionalnosti. Ta stikala se [&hellip;]\" \/>\n<meta property=\"og:url\" content=\"https:\/\/www.pse.si\/sl\/omrezna-stikala-grandstream\/\" \/>\n<meta property=\"og:site_name\" content=\"PSE spletna stran\" \/>\n<meta property=\"article:publisher\" content=\"https:\/\/www.linkedin.com\/company\/pse-poslovne-komunikacije-d-o-o-\/?viewAsMember=true\" \/>\n<meta property=\"article:modified_time\" content=\"2026-03-23T17:17:21+00:00\" \/>\n<meta name=\"twitter:card\" content=\"summary_large_image\" \/>\n<meta name=\"twitter:label1\" content=\"Est. reading time\" \/>\n\t<meta name=\"twitter:data1\" content=\"2 minuti\" \/>\n<script type=\"application\/ld+json\" class=\"yoast-schema-graph\">{\"@context\":\"https:\/\/schema.org\",\"@graph\":[{\"@type\":\"WebPage\",\"@id\":\"https:\/\/www.pse.si\/sl\/omrezna-stikala-grandstream\/\",\"url\":\"https:\/\/www.pse.si\/sl\/omrezna-stikala-grandstream\/\",\"name\":\"Omre\u017ena stikala Grandstream - PSE spletna stran\",\"isPartOf\":{\"@id\":\"https:\/\/www.pse.si\/sl\/#website\"},\"datePublished\":\"2025-12-02T09:36:26+00:00\",\"dateModified\":\"2026-03-23T17:17:21+00:00\",\"breadcrumb\":{\"@id\":\"https:\/\/www.pse.si\/sl\/omrezna-stikala-grandstream\/#breadcrumb\"},\"inLanguage\":\"sl-SI\",\"potentialAction\":[{\"@type\":\"ReadAction\",\"target\":[\"https:\/\/www.pse.si\/sl\/omrezna-stikala-grandstream\/\"]}]},{\"@type\":\"BreadcrumbList\",\"@id\":\"https:\/\/www.pse.si\/sl\/omrezna-stikala-grandstream\/#breadcrumb\",\"itemListElement\":[{\"@type\":\"ListItem\",\"position\":1,\"name\":\"Home\",\"item\":\"https:\/\/www.pse.si\/sl\/\"},{\"@type\":\"ListItem\",\"position\":2,\"name\":\"Omre\u017ena stikala Grandstream\"}]},{\"@type\":\"WebSite\",\"@id\":\"https:\/\/www.pse.si\/sl\/#website\",\"url\":\"https:\/\/www.pse.si\/sl\/\",\"name\":\"PSE spletna stran\",\"description\":\"Sodobne telekomunikacijske re\u0161itve\",\"publisher\":{\"@id\":\"https:\/\/www.pse.si\/sl\/#organization\"},\"potentialAction\":[{\"@type\":\"SearchAction\",\"target\":{\"@type\":\"EntryPoint\",\"urlTemplate\":\"https:\/\/www.pse.si\/sl\/?s={search_term_string}\"},\"query-input\":{\"@type\":\"PropertyValueSpecification\",\"valueRequired\":true,\"valueName\":\"search_term_string\"}}],\"inLanguage\":\"sl-SI\"},{\"@type\":\"Organization\",\"@id\":\"https:\/\/www.pse.si\/sl\/#organization\",\"name\":\"PSE d.o.o.\",\"url\":\"https:\/\/www.pse.si\/sl\/\",\"logo\":{\"@type\":\"ImageObject\",\"inLanguage\":\"sl-SI\",\"@id\":\"https:\/\/www.pse.si\/sl\/#\/schema\/logo\/image\/\",\"url\":\"https:\/\/www.pse.si\/sl\/wp-content\/uploads\/sites\/2\/2022\/06\/PSE-logo-www-270px.webp\",\"contentUrl\":\"https:\/\/www.pse.si\/sl\/wp-content\/uploads\/sites\/2\/2022\/06\/PSE-logo-www-270px.webp\",\"width\":270,\"height\":111,\"caption\":\"PSE d.o.o.\"},\"image\":{\"@id\":\"https:\/\/www.pse.si\/sl\/#\/schema\/logo\/image\/\"},\"sameAs\":[\"https:\/\/www.linkedin.com\/company\/pse-poslovne-komunikacije-d-o-o-\/?viewAsMember=true\"]}]}<\/script>\n<!-- \/ Yoast SEO Premium plugin. -->","yoast_head_json":{"title":"Omre\u017ena stikala Grandstream - PSE spletna stran","robots":{"index":"index","follow":"follow","max-snippet":"max-snippet:-1","max-image-preview":"max-image-preview:large","max-video-preview":"max-video-preview:-1"},"canonical":"https:\/\/www.pse.si\/sl\/omrezna-stikala-grandstream\/","og_locale":"sl_SI","og_type":"article","og_title":"Omre\u017ena stikala Grandstream","og_description":"Omre\u017ena stikala Grandstream Omre\u017ena stikala podjetja Grandstream omogo\u010dajo izgradnjo zmogljivih in varnih omre\u017eij z velikim naborom funkcionalnosti. Ta stikala se [&hellip;]","og_url":"https:\/\/www.pse.si\/sl\/omrezna-stikala-grandstream\/","og_site_name":"PSE spletna stran","article_publisher":"https:\/\/www.linkedin.com\/company\/pse-poslovne-komunikacije-d-o-o-\/?viewAsMember=true","article_modified_time":"2026-03-23T17:17:21+00:00","twitter_card":"summary_large_image","twitter_misc":{"Est. reading time":"2 minuti"},"schema":{"@context":"https:\/\/schema.org","@graph":[{"@type":"WebPage","@id":"https:\/\/www.pse.si\/sl\/omrezna-stikala-grandstream\/","url":"https:\/\/www.pse.si\/sl\/omrezna-stikala-grandstream\/","name":"Omre\u017ena stikala Grandstream - PSE spletna stran","isPartOf":{"@id":"https:\/\/www.pse.si\/sl\/#website"},"datePublished":"2025-12-02T09:36:26+00:00","dateModified":"2026-03-23T17:17:21+00:00","breadcrumb":{"@id":"https:\/\/www.pse.si\/sl\/omrezna-stikala-grandstream\/#breadcrumb"},"inLanguage":"sl-SI","potentialAction":[{"@type":"ReadAction","target":["https:\/\/www.pse.si\/sl\/omrezna-stikala-grandstream\/"]}]},{"@type":"BreadcrumbList","@id":"https:\/\/www.pse.si\/sl\/omrezna-stikala-grandstream\/#breadcrumb","itemListElement":[{"@type":"ListItem","position":1,"name":"Home","item":"https:\/\/www.pse.si\/sl\/"},{"@type":"ListItem","position":2,"name":"Omre\u017ena stikala Grandstream"}]},{"@type":"WebSite","@id":"https:\/\/www.pse.si\/sl\/#website","url":"https:\/\/www.pse.si\/sl\/","name":"PSE spletna stran","description":"Sodobne telekomunikacijske re\u0161itve","publisher":{"@id":"https:\/\/www.pse.si\/sl\/#organization"},"potentialAction":[{"@type":"SearchAction","target":{"@type":"EntryPoint","urlTemplate":"https:\/\/www.pse.si\/sl\/?s={search_term_string}"},"query-input":{"@type":"PropertyValueSpecification","valueRequired":true,"valueName":"search_term_string"}}],"inLanguage":"sl-SI"},{"@type":"Organization","@id":"https:\/\/www.pse.si\/sl\/#organization","name":"PSE d.o.o.","url":"https:\/\/www.pse.si\/sl\/","logo":{"@type":"ImageObject","inLanguage":"sl-SI","@id":"https:\/\/www.pse.si\/sl\/#\/schema\/logo\/image\/","url":"https:\/\/www.pse.si\/sl\/wp-content\/uploads\/sites\/2\/2022\/06\/PSE-logo-www-270px.webp","contentUrl":"https:\/\/www.pse.si\/sl\/wp-content\/uploads\/sites\/2\/2022\/06\/PSE-logo-www-270px.webp","width":270,"height":111,"caption":"PSE d.o.o."},"image":{"@id":"https:\/\/www.pse.si\/sl\/#\/schema\/logo\/image\/"},"sameAs":["https:\/\/www.linkedin.com\/company\/pse-poslovne-komunikacije-d-o-o-\/?viewAsMember=true"]}]}},"_links":{"self":[{"href":"https:\/\/www.pse.si\/sl\/wp-json\/wp\/v2\/pages\/6887","targetHints":{"allow":["GET"]}}],"collection":[{"href":"https:\/\/www.pse.si\/sl\/wp-json\/wp\/v2\/pages"}],"about":[{"href":"https:\/\/www.pse.si\/sl\/wp-json\/wp\/v2\/types\/page"}],"author":[{"embeddable":true,"href":"https:\/\/www.pse.si\/sl\/wp-json\/wp\/v2\/users\/1"}],"replies":[{"embeddable":true,"href":"https:\/\/www.pse.si\/sl\/wp-json\/wp\/v2\/comments?post=6887"}],"version-history":[{"count":25,"href":"https:\/\/www.pse.si\/sl\/wp-json\/wp\/v2\/pages\/6887\/revisions"}],"predecessor-version":[{"id":7547,"href":"https:\/\/www.pse.si\/sl\/wp-json\/wp\/v2\/pages\/6887\/revisions\/7547"}],"wp:attachment":[{"href":"https:\/\/www.pse.si\/sl\/wp-json\/wp\/v2\/media?parent=6887"}],"curies":[{"name":"wp","href":"https:\/\/api.w.org\/{rel}","templated":true}]}}